{"id":3518,"date":"2015-09-15T09:47:02","date_gmt":"2015-09-15T08:47:02","guid":{"rendered":"https:\/\/www.bridge4mobility.com\/?page_id=3518"},"modified":"2023-06-23T09:47:18","modified_gmt":"2023-06-23T07:47:18","slug":"cursos-dalemany","status":"publish","type":"page","link":"https:\/\/int.bridge4mobility.com\/ca\/cursos-dalemany\/","title":{"rendered":"Cursos d\u00b4alemany"},"content":{"rendered":"<div style=\"margin-top: 20px;\"><\/div>\n<h1 style=\"font-weight: bold;\">Cursos d&#8217;alemany m\u00e9s que EFICIENTS<\/h1>\n<h2 style=\"margin-top: 0px; color: #666;\">Per treballar a Alemanya has de saber alemany. El lema de B4M \u00e9s: abans el contracte laboral, despr\u00e9s el curs d&#8217;alemany.<\/h2>\n<div class=\"one_half \">\n<p style=\"text-align: justify;\">A m\u00e9s, proporcionem tots els cursos a preu de cost, total o parcialment subvencionats. \u00c9s a dir: per aconseguir un nivell B1 d&#8217;alemany fa falta un curs intensiu d&#8217;almenys 400 hores (en certs casos 500 hores &#8211; dep\u00e8n de la professi\u00f3). I per treballar o comen\u00e7ar una FP Dual a Alemanya necessites aquest nivell B1. Aix\u00ed que tenim un objectiu com\u00fa: volem que estiguis preparat i comencis a treballar al m\u00e9s aviat possible. Per\u00f2 abans d&#8217;invertir el teu temps i\/o diners (ara t&#8217;expliquem aix\u00f2) a aprendre alemany, considerem que l&#8217;empresa alemanya s&#8217;ha de comprometre com a m\u00ednim amb un contracte laboral indefinit o contracte de FP Dual de 3 anys, sempre que superis els per\u00edodes de prova. Evidentment intentem que l&#8217;empresa tamb\u00e9 subvencioni el cost d&#8217;aquest curs &#8211; encara que aix\u00f2 dep\u00e8n de l&#8217;empresa, el lloc i les qualitats del candidat, sent generalment una excepci\u00f3. Despr\u00e9s veiem si tens acc\u00e9s a les subvencions p\u00fabliques per al curs.<\/p>\n<\/div>\n<div class=\"one_half last\">\n<p style=\"text-align: justify;\">Aix\u00f2 dep\u00e8n d&#8217;alguns factors concrets \u2013 resumint, podem dir que si ets jove i\/o pertanys a un col\u00b7lectiu professional determinat, pot ser que hi hagi bones possibilitats. El que funciona sens falta: sempre t&#8217;oferim el curs a <strong>preu de cost<\/strong>. El negoci de B4M no \u00e9s la formaci\u00f3, i gr\u00e0cies a un dels nostres socis podem oferir-te aquesta soluci\u00f3. A m\u00e9s, podem finan\u00e7ar-te l\u2019import amb un any de car\u00e8ncia a trav\u00e9s del <strong>Banc Sabadell<\/strong> \u2013 la instituci\u00f3 financera col\u00b7laboradora de B4M. L&#8217;\u00fanica garantia que et demanen \u00e9s el pre-contracte laboral o de FP Dual, que de per si mateix exigim a les empreses per endavant.<\/p>\n<p><b>Aix\u00ed que: aprendr\u00e0s alemany DE TOTES MANERES, i r\u00e0pid. En finalitzar el curs, far\u00e0s un examen que et proporcionar\u00e0 el nivell B1 d&#8217;alemany, reconegut sempre que realitzis el curs amb rigor i comprom\u00eds.<\/b><\/p>\n<\/div><div class=\"fix\"><\/div>\n<div style=\"margin-top: 40px;\"><\/div>\n<h1 style=\"font-weight: bold;\">Centre de formaci\u00f3 i certificat B1<\/h1>\n<h2 style=\"margin-top: 0px; color: #666;\">Aconsegueix RESULTATS per comen\u00e7ar amb bon peu a Alemanya.<\/h2>\n<p>&nbsp;<\/p>\n<p style=\"text-align: justify;\"><strong>Training Tutor<\/strong>, un dels socis de <strong>B4M<\/strong>, es fa c\u00e0rrec dels cursos d&#8217;alemany a Espanya. Tots els nostres cursos inclouen aspectes soci-culturals i Coaching per facilitar la integraci\u00f3; m\u00e9s informaci\u00f3: <a href=\"\/ca\/coaching-e-integracio\/\" target=\"_blank\" rel=\"noopener\">COACHING &amp; INTEGRACI\u00d3<\/a>.\u00a0 Normalment i per a la majoria de professions i projectes de B4M, un nivell B1 \u00e9s la base que s&#8217;exigeix. En cas d&#8217;haver d&#8217;acreditar un nivell B2 o major per treballar a Alemanya (p. ex. en el sector sanitari, d&#8217;educaci\u00f3 infantil o per a estudis duals amb acc\u00e9s a universitats alemanyes), B4M col\u00b7labora amb escoles associades a Alemanya, ja que a partir del nivell B1 es recomana l&#8217;aprenentatge al mateix pa\u00eds de destinaci\u00f3 per obtenir el resultat desitjat.<\/p>\n<p>&nbsp;<\/p>\n<div style=\"margin-top: 40px;\"><\/div>\n<h1 style=\"font-weight: bold;\">Marc Com\u00fa Europeu de Refer\u00e8ncia per a les Lleng\u00fces<\/h1>\n<h2 style=\"margin-top: 0px; color: #666;\">Els nivells de coneixement de l&#8217;idioma, segons les directrius del &#8220;Marc Com\u00fa Europeu de Refer\u00e8ncia per a les Lleng\u00fces (Consell de la Comunitat Europea)&#8221;, s\u00f3n els seg\u00fcents:<\/h2>\n<div style=\"margin-top: 10px;\">\n<p><img loading=\"lazy\" class=\"alignleft size-full wp-image-768\" src=\"\/wp-content\/uploads\/48_info_icon.png\" alt=\"48_info_icon\" width=\"28\" height=\"28\" \/><\/p>\n<p style=\"text-align: justify;\">La quantitat d&#8217;unitats lectives de 45 minuts <strong>(UL)<\/strong> que apareixen en la seg\u00fcent taula \u00e9s la recomanada pel <strong>Goethe-Institut<\/strong> per a cada nivell.<\/p>\n<\/div>\n<div style=\"margin-top: 30px;\"><\/div>\n\n<table id=\"tablepress-4\" class=\"tablepress tablepress-id-4\">\n<thead>\n<tr class=\"row-1 odd\">\n\t<th class=\"column-1\">Compet\u00e8ncies<\/th><th class=\"column-2\">Nivell<\/th><th class=\"column-3\">Descripci\u00f3<\/th>\n<\/tr>\n<\/thead>\n<tbody>\n<tr class=\"row-2 even\">\n\t<td rowspan=\"2\" class=\"column-1\"><strong>Usuari b\u00e0sic<\/strong><br \/><br \/>\n<strong>A1<\/strong> \u2192 80-200 UL<br \/>\n<strong>A2<\/strong> \u2192 200-350 UL<br \/><br \/>\n<em>1 unitat lectiva (UL) = 45 minuts<\/em><\/td><td class=\"column-2\"><center><strong>A1<\/strong><\/center><\/td><td class=\"column-3\"><p style=\"text-align: justify;\">\u00c9s capa\u00e7 de comprendre i utilitzar expressions quotidianes d'\u00fas molt freq\u00fcent aix\u00ed com frases senzilles destinades a satisfer necessitats de tipus immediat. Pot presentar-se a si mateix i a uns altres, demanar i donar informaci\u00f3 personal b\u00e0sica sobre el seu domicili, les seves pertinences i les persones que coneix. Pot relacionar-se de forma elemental sempre que el seu interlocutor parli a poc a poc i amb claredat i estigui disposat a cooperar.<\/p><\/td>\n<\/tr>\n<tr class=\"row-3 odd\">\n\t<td class=\"column-2\"><center><strong>A2<\/strong><\/center><\/td><td class=\"column-3\"><p style=\"text-align: justify;\">\u00c9s capa\u00e7 de comprendre frases i expressions d'\u00fas freq\u00fcent relacionades amb \u00e0rees d'experi\u00e8ncia que li s\u00f3n especialment rellevants (informaci\u00f3 b\u00e0sica sobre si mateix i la seva fam\u00edlia, compres, llocs d'inter\u00e8s, ocupacions, etc.) Sap comunicar-se a l'hora de dur a terme tasques simples i quotidianes que no requereixin m\u00e9s que intercanvis senzills i directes d'informaci\u00f3 sobre q\u00fcestions que li s\u00f3n conegudes o habituals. Sap descriure en termes senzills aspectes del seu passat i el seu entorn aix\u00ed com q\u00fcestions relacionades amb les seves necessitats immediates.<\/p><\/td>\n<\/tr>\n<tr class=\"row-4 even\">\n\t<td rowspan=\"2\" class=\"column-1\"><strong>Usuari independent<\/strong><br \/><br \/>\n<strong>B1<\/strong> \u2192 350-650 UL<br \/>\n<strong>B2<\/strong> \u2192 600-800 UL<br \/><br \/>\n<em>1 unitat lectiva (UL) = 45 minuts<\/em><\/td><td class=\"column-2\"><center><strong>B1<\/strong><\/center><\/td><td class=\"column-3\"><p style=\"text-align: justify;\">\u00c9s capa\u00e7 de comprendre els punts principals de textos clars i en llengua est\u00e0ndard si tracten sobre q\u00fcestions que li s\u00f3n conegudes, ja sigui en situacions de treball, d'estudi o d'oci. Sap desembolicar-se en la major part de les situacions que poden sorgir durant un viatge per zones on s'utilitza la llengua. \u00c9s capa\u00e7 de produir textos senzills i coherents sobre temes que li s\u00f3n familiars o en els quals t\u00e9 un inter\u00e8s personal. Pot descriure experi\u00e8ncies, esdeveniments, desitjos i aspiracions, aix\u00ed com justificar breument les seves opinions o explicar els seus plans.<\/p><\/td>\n<\/tr>\n<tr class=\"row-5 odd\">\n\t<td class=\"column-2\"><center><strong>B2<\/strong><\/center><\/td><td class=\"column-3\"><p style=\"text-align: justify;\">\u00c9s capa\u00e7 d'entendre les idees principals de textos complexos que tractin de temes tant concrets com a abstractes, fins i tot si s\u00f3n de car\u00e0cter t\u00e8cnic sempre que estiguin dins del seu camp d'especialitzaci\u00f3. Pot relacionar-se amb parlants natius amb un grau suficient de flu\u00efdesa i naturalitat de manera que la comunicaci\u00f3 es realitzi sense esfor\u00e7 per part de cap dels interlocutors. Pot produir textos clars i detallats sobre temes diversos aix\u00ed com defensar un punt de vista sobre temes generals indicant els pros i els contres de les diferents opcions.<\/p><\/td>\n<\/tr>\n<tr class=\"row-6 even\">\n\t<td rowspan=\"2\" class=\"column-1\"><strong>Usuari competent<\/strong><br \/><br \/>\n<strong>C1<\/strong> \u2192 800-1000 UL<br \/>\n<strong>C2<\/strong> \u2192 min. 1000 UL<br \/><br \/>\n<em>1 unitat lectiva (UL) = 45 minuts<\/em><\/td><td class=\"column-2\"><center><strong>C1<\/strong><\/center><\/td><td class=\"column-3\"><p style=\"text-align: justify;\">\u00c9s capa\u00e7 de comprendre una \u00e0mplia varietat de textos extensos i amb cert nivell d'exig\u00e8ncia, aix\u00ed com recon\u00e8ixer en ells sentits impl\u00edcits. Sap expressar-se de forma flu\u00efda i espont\u00e0nia sense mostres molt evidents d'esfor\u00e7 per trobar l'expressi\u00f3 adequada. Pot fer un \u00fas flexible i efectiu de l'idioma per a finalitats socials, acad\u00e8mics i professionals. Pot produir textos clars, ben estructurats i detallats sobre temes de certa complexitat, mostrant un \u00fas correcte dels mecanismes d'organitzaci\u00f3, articulaci\u00f3 i cohesi\u00f3 del text.<\/p><\/td>\n<\/tr>\n<tr class=\"row-7 odd\">\n\t<td class=\"column-2\"><center><strong>C2<\/strong><\/center><\/td><td class=\"column-3\"><p style=\"text-align: justify;\">\u00c9s capa\u00e7 de comprendre amb facilitat pr\u00e0cticament tot el que sent o llegeix. Sap reconstruir la informaci\u00f3 i els arguments procedents de diverses fonts, ja siguin en llengua parlada o escrita, i presentar-los de manera coherent i resumida. Pot expressar-se espont\u00e0niament, amb gran flu\u00efdesa i amb un grau de precisi\u00f3 que li permet diferenciar petits matisos de significat fins i tot en situacions de major complexitat.<\/p><\/td>\n<\/tr>\n<\/tbody>\n<\/table>\n<!-- #tablepress-4 from cache -->\n<div style=\"text-align: right; margin-top: 60px; margin-bottom: 20px;\"><span style=\"padding-right: 20px;\"><strong>Seguir llegint:<\/strong><\/span><a class=\"s-button medium s-green\" href=\"\/ca\/coaching-e-integracio\/\" target=\"\"><b>COACHING &amp; INTEGRACI\u00d3<span style=\"padding-left: 15px;\">\u2192<\/span><\/b><\/a><\/div>\n","protected":false},"excerpt":{"rendered":"<p>Cursos d&#8217;alemany m\u00e9s que EFICIENTS Per treballar a Alemanya has de saber alemany. El lema de B4M \u00e9s: abans el contracte laboral, despr\u00e9s el curs d&#8217;alemany. Centre de formaci\u00f3 i certificat B1 Aconsegueix RESULTATS per comen\u00e7ar amb bon peu a Alemanya. &nbsp; Training Tutor, un dels socis de B4M, es fa c\u00e0rrec dels cursos d&#8217;alemany<\/p>\n","protected":false},"author":1,"featured_media":0,"parent":0,"menu_order":0,"comment_status":"closed","ping_status":"closed","template":"","meta":[],"yoast_head":"<!-- This site is optimized with the Yoast SEO plugin v19.13 - https:\/\/yoast.com\/wordpress\/plugins\/seo\/ -->\n<title>Cursos d\u00b4alemany - Bridge4Mobility [INT]<\/title>\n<meta name=\"robots\" content=\"noindex, nofollow\" \/>\n<meta property=\"og:locale\" content=\"ca_ES\" \/>\n<meta property=\"og:type\" content=\"article\" \/>\n<meta property=\"og:title\" content=\"Cursos d\u00b4alemany - Bridge4Mobility [INT]\" \/>\n<meta property=\"og:description\" content=\"Cursos d&#8217;alemany m\u00e9s que EFICIENTS Per treballar a Alemanya has de saber alemany. El lema de B4M \u00e9s: abans el contracte laboral, despr\u00e9s el curs d&#8217;alemany. Centre de formaci\u00f3 i certificat B1 Aconsegueix RESULTATS per comen\u00e7ar amb bon peu a Alemanya. &nbsp; Training Tutor, un dels socis de B4M, es fa c\u00e0rrec dels cursos d&#8217;alemany\" \/>\n<meta property=\"og:url\" content=\"https:\/\/int.bridge4mobility.com\/ca\/cursos-dalemany\/\" \/>\n<meta property=\"og:site_name\" content=\"Bridge4Mobility [INT]\" \/>\n<meta property=\"article:modified_time\" content=\"2023-06-23T07:47:18+00:00\" \/>\n<meta name=\"twitter:label1\" content=\"Temps estimat de lectura\" \/>\n\t<meta name=\"twitter:data1\" content=\"4 minuts\" \/>\n<script type=\"application\/ld+json\" class=\"yoast-schema-graph\">{\"@context\":\"https:\/\/schema.org\",\"@graph\":[{\"@type\":\"WebPage\",\"@id\":\"https:\/\/int.bridge4mobility.com\/ca\/cursos-dalemany\/\",\"url\":\"https:\/\/int.bridge4mobility.com\/ca\/cursos-dalemany\/\",\"name\":\"Cursos d\u00b4alemany - Bridge4Mobility [INT]\",\"isPartOf\":{\"@id\":\"https:\/\/int.bridge4mobility.com\/de\/#website\"},\"datePublished\":\"2015-09-15T08:47:02+00:00\",\"dateModified\":\"2023-06-23T07:47:18+00:00\",\"breadcrumb\":{\"@id\":\"https:\/\/int.bridge4mobility.com\/ca\/cursos-dalemany\/#breadcrumb\"},\"inLanguage\":\"ca\",\"potentialAction\":[{\"@type\":\"ReadAction\",\"target\":[\"https:\/\/int.bridge4mobility.com\/ca\/cursos-dalemany\/\"]}]},{\"@type\":\"BreadcrumbList\",\"@id\":\"https:\/\/int.bridge4mobility.com\/ca\/cursos-dalemany\/#breadcrumb\",\"itemListElement\":[{\"@type\":\"ListItem\",\"position\":1,\"name\":\"Home\",\"item\":\"https:\/\/int.bridge4mobility.com\/ca\/\"},{\"@type\":\"ListItem\",\"position\":2,\"name\":\"Cursos d\u00b4alemany\"}]},{\"@type\":\"WebSite\",\"@id\":\"https:\/\/int.bridge4mobility.com\/de\/#website\",\"url\":\"https:\/\/int.bridge4mobility.com\/de\/\",\"name\":\"Bridge4Mobility [INT]\",\"description\":\"Qualifizierte Fachkr\u00e4fte aus Spanien\",\"potentialAction\":[{\"@type\":\"SearchAction\",\"target\":{\"@type\":\"EntryPoint\",\"urlTemplate\":\"https:\/\/int.bridge4mobility.com\/de\/?s={search_term_string}\"},\"query-input\":\"required name=search_term_string\"}],\"inLanguage\":\"ca\"}]}<\/script>\n<!-- \/ Yoast SEO plugin. -->","yoast_head_json":{"title":"Cursos d\u00b4alemany - Bridge4Mobility [INT]","robots":{"index":"noindex","follow":"nofollow"},"og_locale":"ca_ES","og_type":"article","og_title":"Cursos d\u00b4alemany - Bridge4Mobility [INT]","og_description":"Cursos d&#8217;alemany m\u00e9s que EFICIENTS Per treballar a Alemanya has de saber alemany. El lema de B4M \u00e9s: abans el contracte laboral, despr\u00e9s el curs d&#8217;alemany. Centre de formaci\u00f3 i certificat B1 Aconsegueix RESULTATS per comen\u00e7ar amb bon peu a Alemanya. &nbsp; Training Tutor, un dels socis de B4M, es fa c\u00e0rrec dels cursos d&#8217;alemany","og_url":"https:\/\/int.bridge4mobility.com\/ca\/cursos-dalemany\/","og_site_name":"Bridge4Mobility [INT]","article_modified_time":"2023-06-23T07:47:18+00:00","twitter_misc":{"Temps estimat de lectura":"4 minuts"},"schema":{"@context":"https:\/\/schema.org","@graph":[{"@type":"WebPage","@id":"https:\/\/int.bridge4mobility.com\/ca\/cursos-dalemany\/","url":"https:\/\/int.bridge4mobility.com\/ca\/cursos-dalemany\/","name":"Cursos d\u00b4alemany - Bridge4Mobility [INT]","isPartOf":{"@id":"https:\/\/int.bridge4mobility.com\/de\/#website"},"datePublished":"2015-09-15T08:47:02+00:00","dateModified":"2023-06-23T07:47:18+00:00","breadcrumb":{"@id":"https:\/\/int.bridge4mobility.com\/ca\/cursos-dalemany\/#breadcrumb"},"inLanguage":"ca","potentialAction":[{"@type":"ReadAction","target":["https:\/\/int.bridge4mobility.com\/ca\/cursos-dalemany\/"]}]},{"@type":"BreadcrumbList","@id":"https:\/\/int.bridge4mobility.com\/ca\/cursos-dalemany\/#breadcrumb","itemListElement":[{"@type":"ListItem","position":1,"name":"Home","item":"https:\/\/int.bridge4mobility.com\/ca\/"},{"@type":"ListItem","position":2,"name":"Cursos d\u00b4alemany"}]},{"@type":"WebSite","@id":"https:\/\/int.bridge4mobility.com\/de\/#website","url":"https:\/\/int.bridge4mobility.com\/de\/","name":"Bridge4Mobility [INT]","description":"Qualifizierte Fachkr\u00e4fte aus Spanien","potentialAction":[{"@type":"SearchAction","target":{"@type":"EntryPoint","urlTemplate":"https:\/\/int.bridge4mobility.com\/de\/?s={search_term_string}"},"query-input":"required name=search_term_string"}],"inLanguage":"ca"}]}},"_links":{"self":[{"href":"https:\/\/int.bridge4mobility.com\/ca\/wp-json\/wp\/v2\/pages\/3518"}],"collection":[{"href":"https:\/\/int.bridge4mobility.com\/ca\/wp-json\/wp\/v2\/pages"}],"about":[{"href":"https:\/\/int.bridge4mobility.com\/ca\/wp-json\/wp\/v2\/types\/page"}],"author":[{"embeddable":true,"href":"https:\/\/int.bridge4mobility.com\/ca\/wp-json\/wp\/v2\/users\/1"}],"replies":[{"embeddable":true,"href":"https:\/\/int.bridge4mobility.com\/ca\/wp-json\/wp\/v2\/comments?post=3518"}],"version-history":[{"count":2,"href":"https:\/\/int.bridge4mobility.com\/ca\/wp-json\/wp\/v2\/pages\/3518\/revisions"}],"predecessor-version":[{"id":12119,"href":"https:\/\/int.bridge4mobility.com\/ca\/wp-json\/wp\/v2\/pages\/3518\/revisions\/12119"}],"wp:attachment":[{"href":"https:\/\/int.bridge4mobility.com\/ca\/wp-json\/wp\/v2\/media?parent=3518"}],"curies":[{"name":"wp","href":"https:\/\/api.w.org\/{rel}","templated":true}]}}