{"id":3520,"date":"2015-09-15T09:48:56","date_gmt":"2015-09-15T08:48:56","guid":{"rendered":"https:\/\/www.bridge4mobility.com\/?page_id=3520"},"modified":"2015-09-15T16:57:28","modified_gmt":"2015-09-15T15:57:28","slug":"coaching-e-integracio","status":"publish","type":"page","link":"https:\/\/int.bridge4mobility.com\/ca\/coaching-e-integracio\/","title":{"rendered":"Coaching e Integraci\u00f3"},"content":{"rendered":"<div style=\"margin-top: 20px;\"><\/div>\n<h1 style=\"font-weight: bold;\">Coaching sociocultural<\/h1>\n<h2 style=\"margin-top: 0px; color: #666;\">&#8230; \u00c9s la clau perqu\u00e8 la integraci\u00f3 en la societat alemanya sigui m\u00e9s f\u00e0cil &#8211; Aquesta \u00e9s la missi\u00f3 principal de B4M.<\/h2>\n<div style=\"margin-top: 10px;\"><\/div>\n<p><img loading=\"lazy\" class=\"alignleft size-full wp-image-968\" alt=\"Coaching-400\" src=\"\/wp-content\/uploads\/Coaching-400.jpg\" width=\"400\" height=\"269\" style=\"margin-right:30px;\" srcset=\"https:\/\/int.bridge4mobility.com\/wp-content\/uploads\/Coaching-400.jpg 400w, https:\/\/int.bridge4mobility.com\/wp-content\/uploads\/Coaching-400-300x201.jpg 300w, https:\/\/int.bridge4mobility.com\/wp-content\/uploads\/Coaching-400@2x.jpg 800w\" sizes=\"(max-width: 400px) 100vw, 400px\" \/><\/p>\n<h2 style=\"margin-top: 0px; color: #a5c34d;\"><strong>Trobar l&#8217;equilibri entre les condicions de treball i les expectatives dels candidats!<\/strong><\/h2>\n<div style=\"text-align: justify;\">Cadascun dels candidats t\u00e9 creades unes expectatives pel que fa a la seva integraci\u00f3 en la vida laboral i social a Alemanya. El nostre objectiu \u00e9s ajudar-los a integrar-se en el seu nou entorn de treball i vida social. B4M s&#8217;assegura que els candidats estiguin ben preparats perqu\u00e8 puguin comen\u00e7ar amb bones expectatives la seva nova vida a Alemanya.<\/p>\n<p>El coaching \u00e9s part del curs d&#8217;alemany en el nivell B1. Preparem als candidats amb exemples pr\u00e0ctics del que es van a trobar en la seva vida di\u00e0ria. Comparem ambdues mentalitats i formes de pensar. Els ajudem a integrar-se fins i tot despr\u00e9s que hagin comen\u00e7at a treballar.<\/p><\/div>\n<div style=\"clear:both; padding-top: 30px;\">&nbsp;<\/div>\n<h1 style=\"font-weight: bold;\">Ajuda a la integraci\u00f3<\/h1>\n<h2 style=\"margin-top: 0px; color: #666;\">&#8230; Ho farem junts!<\/h2>\n<div style=\"margin-top: 10px;\"><\/div>\n<p><img loading=\"lazy\" class=\"alignleft size-full wp-image-985\" alt=\"Relocation-400\" src=\"\/wp-content\/uploads\/Relocation-400.jpg\" width=\"400\" height=\"267\" style=\"margin-right:30px;\" srcset=\"https:\/\/int.bridge4mobility.com\/wp-content\/uploads\/Relocation-400.jpg 400w, https:\/\/int.bridge4mobility.com\/wp-content\/uploads\/Relocation-400-300x200.jpg 300w, https:\/\/int.bridge4mobility.com\/wp-content\/uploads\/Relocation-400@2x.jpg 800w\" sizes=\"(max-width: 400px) 100vw, 400px\" \/><\/p>\n<h2 style=\"margin-top: 0px; color: #a5c34d;\"><strong>Integraci\u00f3 significa: &#8220;Ser benvingut. Tenir un pis. Tenir treball i papers en regla. Tenir una persona de contacte&#8221;.<\/strong><\/h2>\n<div style=\"text-align: justify; margin-bottom: 40px;\">Segons algunes de les enquestes realitzades a Alemanya, molts espanyols que ja estan treballant al pa\u00eds volen seguir fent-ho durant molts anys, motivats per l&#8217;equilibri entre treball i oci, l&#8217;alt nivell de vida i la qualitat del sistema sanitari entre altres raons.<\/p>\n<p>Parlem amb les empreses perqu\u00e8 es comprometin a ajudar als professionals espanyols nouvinguts i aix\u00ed se sentin benvinguts.<\/p>\n<p>Els consells sobre on anar de tendes, el transport p\u00fablic, cursos d&#8217;idiomes subvencionats, gestions banc\u00e0ries, d&#8217;impostos o seguretat social, a m\u00e9s d&#8217;activitats culturals i d&#8217;oci, fan que la integraci\u00f3 sigui molt m\u00e9s f\u00e0cil.<\/p><\/div>\n<div style=\"clear:both; padding: 10px 0px 20px 60px;\">\n<blockquote class=\"pullquote\" style=\"text-align: justify;\">\n<p style=\"padding: 0 64px !important;\">\u201cEl curs d&#8217;idiomes a Espanya era genial, m&#8217;hagu\u00e9s agradat que dur\u00e9s m\u00e9s!\u201d <em style=\"font-size: 12px; color: #a5c34d;\">Joan (22), Aprenent a Hessen<\/em> &#8211; \u201cEns han aconseguit pisos compartits moblats per a les pr\u00e0ctiques, realment genial!\u201d <em style=\"font-size: 12px; color: #a5c34d;\">Carlos (21), Aprenent a Hessen<\/em> &#8211; \u201cEl meu cap em va parlar sobre el meu futur en l&#8217;empresa una vegada acab\u00e9s el per\u00edode de formaci\u00f3!\u201d <em style=\"font-size: 12px; color: #a5c34d;\">Marta (19), Aprenent a Hessen<\/em><\/p>\n<\/blockquote>\n<\/div>\n","protected":false},"excerpt":{"rendered":"<p>Coaching sociocultural &#8230; \u00c9s la clau perqu\u00e8 la integraci\u00f3 en la societat alemanya sigui m\u00e9s f\u00e0cil &#8211; Aquesta \u00e9s la missi\u00f3 principal de B4M. Trobar l&#8217;equilibri entre les condicions de treball i les expectatives dels candidats! Cadascun dels candidats t\u00e9 creades unes expectatives pel que fa a la seva integraci\u00f3 en la vida laboral i<\/p>\n","protected":false},"author":1,"featured_media":0,"parent":0,"menu_order":0,"comment_status":"closed","ping_status":"closed","template":"","meta":[],"yoast_head":"<!-- This site is optimized with the Yoast SEO plugin v19.13 - https:\/\/yoast.com\/wordpress\/plugins\/seo\/ -->\n<title>Coaching e Integraci\u00f3 - Bridge4Mobility [INT]<\/title>\n<meta name=\"robots\" content=\"noindex, follow, max-snippet:-1, max-image-preview:large, max-video-preview:-1\" \/>\n<meta property=\"og:locale\" content=\"ca_ES\" \/>\n<meta property=\"og:type\" content=\"article\" \/>\n<meta property=\"og:title\" content=\"Coaching e Integraci\u00f3 - Bridge4Mobility [INT]\" \/>\n<meta property=\"og:description\" content=\"Coaching sociocultural &#8230; \u00c9s la clau perqu\u00e8 la integraci\u00f3 en la societat alemanya sigui m\u00e9s f\u00e0cil &#8211; Aquesta \u00e9s la missi\u00f3 principal de B4M. Trobar l&#8217;equilibri entre les condicions de treball i les expectatives dels candidats! Cadascun dels candidats t\u00e9 creades unes expectatives pel que fa a la seva integraci\u00f3 en la vida laboral i\" \/>\n<meta property=\"og:url\" content=\"https:\/\/int.bridge4mobility.com\/ca\/coaching-e-integracio\/\" \/>\n<meta property=\"og:site_name\" content=\"Bridge4Mobility [INT]\" \/>\n<meta property=\"article:modified_time\" content=\"2015-09-15T15:57:28+00:00\" \/>\n<meta name=\"twitter:label1\" content=\"Temps estimat de lectura\" \/>\n\t<meta name=\"twitter:data1\" content=\"2 minuts\" \/>\n<script type=\"application\/ld+json\" class=\"yoast-schema-graph\">{\"@context\":\"https:\/\/schema.org\",\"@graph\":[{\"@type\":\"WebPage\",\"@id\":\"https:\/\/int.bridge4mobility.com\/ca\/coaching-e-integracio\/\",\"url\":\"https:\/\/int.bridge4mobility.com\/ca\/coaching-e-integracio\/\",\"name\":\"Coaching e Integraci\u00f3 - Bridge4Mobility [INT]\",\"isPartOf\":{\"@id\":\"https:\/\/int.bridge4mobility.com\/de\/#website\"},\"datePublished\":\"2015-09-15T08:48:56+00:00\",\"dateModified\":\"2015-09-15T15:57:28+00:00\",\"breadcrumb\":{\"@id\":\"https:\/\/int.bridge4mobility.com\/ca\/coaching-e-integracio\/#breadcrumb\"},\"inLanguage\":\"ca\",\"potentialAction\":[{\"@type\":\"ReadAction\",\"target\":[\"https:\/\/int.bridge4mobility.com\/ca\/coaching-e-integracio\/\"]}]},{\"@type\":\"BreadcrumbList\",\"@id\":\"https:\/\/int.bridge4mobility.com\/ca\/coaching-e-integracio\/#breadcrumb\",\"itemListElement\":[{\"@type\":\"ListItem\",\"position\":1,\"name\":\"Home\",\"item\":\"https:\/\/int.bridge4mobility.com\/ca\/\"},{\"@type\":\"ListItem\",\"position\":2,\"name\":\"Coaching e Integraci\u00f3\"}]},{\"@type\":\"WebSite\",\"@id\":\"https:\/\/int.bridge4mobility.com\/de\/#website\",\"url\":\"https:\/\/int.bridge4mobility.com\/de\/\",\"name\":\"Bridge4Mobility [INT]\",\"description\":\"Qualifizierte Fachkr\u00e4fte aus Spanien\",\"potentialAction\":[{\"@type\":\"SearchAction\",\"target\":{\"@type\":\"EntryPoint\",\"urlTemplate\":\"https:\/\/int.bridge4mobility.com\/de\/?s={search_term_string}\"},\"query-input\":\"required name=search_term_string\"}],\"inLanguage\":\"ca\"}]}<\/script>\n<!-- \/ Yoast SEO plugin. -->","yoast_head_json":{"title":"Coaching e Integraci\u00f3 - Bridge4Mobility [INT]","robots":{"index":"noindex","follow":"follow","max-snippet":"max-snippet:-1","max-image-preview":"max-image-preview:large","max-video-preview":"max-video-preview:-1"},"og_locale":"ca_ES","og_type":"article","og_title":"Coaching e Integraci\u00f3 - Bridge4Mobility [INT]","og_description":"Coaching sociocultural &#8230; \u00c9s la clau perqu\u00e8 la integraci\u00f3 en la societat alemanya sigui m\u00e9s f\u00e0cil &#8211; Aquesta \u00e9s la missi\u00f3 principal de B4M. Trobar l&#8217;equilibri entre les condicions de treball i les expectatives dels candidats! Cadascun dels candidats t\u00e9 creades unes expectatives pel que fa a la seva integraci\u00f3 en la vida laboral i","og_url":"https:\/\/int.bridge4mobility.com\/ca\/coaching-e-integracio\/","og_site_name":"Bridge4Mobility [INT]","article_modified_time":"2015-09-15T15:57:28+00:00","twitter_misc":{"Temps estimat de lectura":"2 minuts"},"schema":{"@context":"https:\/\/schema.org","@graph":[{"@type":"WebPage","@id":"https:\/\/int.bridge4mobility.com\/ca\/coaching-e-integracio\/","url":"https:\/\/int.bridge4mobility.com\/ca\/coaching-e-integracio\/","name":"Coaching e Integraci\u00f3 - Bridge4Mobility [INT]","isPartOf":{"@id":"https:\/\/int.bridge4mobility.com\/de\/#website"},"datePublished":"2015-09-15T08:48:56+00:00","dateModified":"2015-09-15T15:57:28+00:00","breadcrumb":{"@id":"https:\/\/int.bridge4mobility.com\/ca\/coaching-e-integracio\/#breadcrumb"},"inLanguage":"ca","potentialAction":[{"@type":"ReadAction","target":["https:\/\/int.bridge4mobility.com\/ca\/coaching-e-integracio\/"]}]},{"@type":"BreadcrumbList","@id":"https:\/\/int.bridge4mobility.com\/ca\/coaching-e-integracio\/#breadcrumb","itemListElement":[{"@type":"ListItem","position":1,"name":"Home","item":"https:\/\/int.bridge4mobility.com\/ca\/"},{"@type":"ListItem","position":2,"name":"Coaching e Integraci\u00f3"}]},{"@type":"WebSite","@id":"https:\/\/int.bridge4mobility.com\/de\/#website","url":"https:\/\/int.bridge4mobility.com\/de\/","name":"Bridge4Mobility [INT]","description":"Qualifizierte Fachkr\u00e4fte aus Spanien","potentialAction":[{"@type":"SearchAction","target":{"@type":"EntryPoint","urlTemplate":"https:\/\/int.bridge4mobility.com\/de\/?s={search_term_string}"},"query-input":"required name=search_term_string"}],"inLanguage":"ca"}]}},"_links":{"self":[{"href":"https:\/\/int.bridge4mobility.com\/ca\/wp-json\/wp\/v2\/pages\/3520"}],"collection":[{"href":"https:\/\/int.bridge4mobility.com\/ca\/wp-json\/wp\/v2\/pages"}],"about":[{"href":"https:\/\/int.bridge4mobility.com\/ca\/wp-json\/wp\/v2\/types\/page"}],"author":[{"embeddable":true,"href":"https:\/\/int.bridge4mobility.com\/ca\/wp-json\/wp\/v2\/users\/1"}],"replies":[{"embeddable":true,"href":"https:\/\/int.bridge4mobility.com\/ca\/wp-json\/wp\/v2\/comments?post=3520"}],"version-history":[{"count":0,"href":"https:\/\/int.bridge4mobility.com\/ca\/wp-json\/wp\/v2\/pages\/3520\/revisions"}],"wp:attachment":[{"href":"https:\/\/int.bridge4mobility.com\/ca\/wp-json\/wp\/v2\/media?parent=3520"}],"curies":[{"name":"wp","href":"https:\/\/api.w.org\/{rel}","templated":true}]}}