{"id":13138,"date":"2025-03-28T13:08:56","date_gmt":"2025-03-28T12:08:56","guid":{"rendered":"https:\/\/int.bridge4mobility.com\/?page_id=13138"},"modified":"2025-06-06T14:27:26","modified_gmt":"2025-06-06T12:27:26","slug":"ueber-uns","status":"publish","type":"page","link":"https:\/\/int.bridge4mobility.com\/de\/ueber-uns\/","title":{"rendered":"\u00dcber uns"},"content":{"rendered":"[vc_row][vc_column][vc_column_text]\n<h1><b>Bridge4Mobility ist ein f\u00fchrendes Unternehmen in der internationalen Personalvermittlung f\u00fcr Fachkr\u00e4fte<\/b><\/h1>\n[\/vc_column_text][vc_column_text]<span style=\"font-size: 14pt;\">Seit 2016 rekrutieren wir qualifizierte Fachkr\u00e4fte aus Spanien und S\u00fcdamerika, bereiten sie sprachlich und kulturell auf ihren Einsatz in Deutschland, \u00d6sterreich, Schweiz und Spanien vor und begleiten sie durch den gesamten Integrationsprozess.<\/span><b><\/b>[\/vc_column_text][vc_column_text]<span style=\"font-size: 14pt;\">Als Tochtergesellschaft von <strong>Talent &amp; Care<\/strong> agieren wir sowohl gemeinsam als auch eigenst\u00e4ndig als Recruiting- und Vermittlungspartner f\u00fcr Fachkr\u00e4fte und Kunden.<\/span><\/p>\n<p><span style=\"font-size: 14pt;\">Mehr Informationen finden Sie unter <a href=\"https:\/\/talendandcare.at\" target=\"_blank\" rel=\"noopener\"><b>talentandcare.at<\/b><\/a><\/span>[\/vc_column_text][\/vc_column][\/vc_row][vc_row][vc_column width=&#8221;1\/3&#8243; el_class=&#8221;counterHasPlus&#8221;][mvc_counter stat_numb=&#8221;500&#8243; count_speed=&#8221;2000&#8243; count_title=&#8221;Anreisen in Deutschland und \u00d6sterreich&#8221; stat_size=&#8221;40&#8243; stat_font=&#8221;800&#8243; title_size=&#8221;16&#8243; title_font=&#8221;500&#8243; title_clr=&#8221;#161616&#8243; stat_numbs=&#8221;+&#8221; stat_clr=&#8221;#88d482&#8243;][\/vc_column][vc_column width=&#8221;1\/3&#8243; el_class=&#8221;counterHasPlus&#8221;][mvc_counter stat_numb=&#8221;250&#8243; count_speed=&#8221;2000&#8243; count_title=&#8221;erfolgreiche Anerkennungsverfahren&#8221; stat_size=&#8221;40&#8243; stat_font=&#8221;800&#8243; title_size=&#8221;16&#8243; title_font=&#8221;500&#8243; title_clr=&#8221;#161616&#8243; stat_numbs=&#8221;+&#8221; stat_clr=&#8221;#88d482&#8243;][\/vc_column][vc_column width=&#8221;1\/3&#8243; el_class=&#8221;counterHasPlus&#8221;][mvc_counter stat_numb=&#8221;800&#8243; count_speed=&#8221;2000&#8243; count_title=&#8221;Pflegekr\u00e4fte aktuell im Sprach- und Anerkennungsprozess&#8221; stat_size=&#8221;40&#8243; stat_font=&#8221;800&#8243; title_size=&#8221;16&#8243; title_font=&#8221;500&#8243; title_clr=&#8221;#161616&#8243; stat_numbs=&#8221;+&#8221; stat_clr=&#8221;#88d482&#8243;][\/vc_column][\/vc_row][vc_row][vc_column width=&#8221;1\/3&#8243; el_class=&#8221;counterHasPlu&#8221;][mvc_counter sec_style=&#8221;icon&#8221; stat_numb=&#8221;5&#8243; count_speed=&#8221;0&#8243; count_title=&#8221;Rekrutierungsl\u00e4nder:&#8221; stat_size=&#8221;40&#8243; stat_font=&#8221;800&#8243; title_size=&#8221;16&#8243; title_font=&#8221;500&#8243; title_clr=&#8221;#161616&#8243; stat_numbs=&#8221;+&#8221; stat_clr=&#8221;#88d482&#8243;][vc_column_text css=&#8221;.vc_custom_1743167123157{margin-top: -10px !important;}&#8221;]\n<p style=\"text-align: center;\"><span style=\"font-size: 12pt;\">Kolumbien, Ecuador, Philippinen, Indien und Indonesien<\/span><\/p>\n[\/vc_column_text][\/vc_column][vc_column width=&#8221;1\/3&#8243; el_class=&#8221;counterHasPlus&#8221;][mvc_counter stat_numb=&#8221;90&#8243; count_speed=&#8221;2000&#8243; count_title=&#8221;Teammitglieder national und international&#8221; stat_size=&#8221;40&#8243; stat_font=&#8221;800&#8243; title_size=&#8221;16&#8243; title_font=&#8221;500&#8243; title_clr=&#8221;#161616&#8243; stat_numbs=&#8221;+&#8221; stat_clr=&#8221;#88d482&#8243;][\/vc_column][vc_column width=&#8221;1\/3&#8243; el_class=&#8221;counterHasPlus&#8221;][mvc_counter stat_numb=&#8221;40&#8243; count_speed=&#8221;2000&#8243; count_title=&#8221;zufriedene Kunden in 6 verschiedenen Gesundheitsberufen&#8221; stat_size=&#8221;40&#8243; stat_font=&#8221;800&#8243; title_size=&#8221;16&#8243; title_font=&#8221;500&#8243; title_clr=&#8221;#161616&#8243; stat_numbs=&#8221;+&#8221; stat_clr=&#8221;#88d482&#8243;][\/vc_column][\/vc_row][vc_row][vc_column][vc_raw_js]JTNDc2NyaXB0JTIwdHlwZSUzRCUyMnRleHQlMkZqYXZhc2NyaXB0JTIyJTNFJTIwJTBBalF1ZXJ5JTI4ZG9jdW1lbnQlMjkucmVhZHklMjhmdW5jdGlvbiUyOCUyNCUyOSU3QiUwOSUwQSUwQSUyNCUyOCUyNy5jb3VudGVySGFzUGx1cyUyMC5jb3VudGVyLWFmdGVyJTI3JTI5Lmh0bWwlMjglMjclMkIlMjclMjklM0IlMEElMEElN0QlMjklM0IlMEElM0MlMkZzY3JpcHQlM0U=[\/vc_raw_js][vc_raw_html]JTNDc3R5bGUlM0UlMEFoMi5wYWdlLXRpdGxlJTIwJTdCZGlzcGxheSUzQW5vbmUlM0IlN0QlMEElMjN3cmFwJTIwJTJBJTIwJTdCZm9udC1mYW1pbHklM0ElMjBMYXRvJTJDJTIwc2Fucy1zZXJpZiUzQiU3RCUwQSUyM3dyYXAlMjBhJTJDJTIwLndyYXAlMjBhJTNBdmlzaXRlZCUyMCU3QnRleHQtZGVjb3JhdGlvbiUzQSUyMG5vbmUlM0IlN0QlMEElMjN3cmFwJTIwYSUzQWhvdmVyJTJDJTIwLndyYXAlMjBhJTNBYWN0aXZlJTIwJTdCY29sb3IlM0ElMjAlMjMwMDk2M2YlM0IlN0QlMEElMjN3cmFwJTIwLm1haW4tY291bnRlciUyMCU3QmNvbG9yJTNBJTIwJTIzMDA5NjNmJTIwJTIxaW1wb3J0YW50JTNCJTdEJTBBJTNDJTJGc3R5bGUlM0U=[\/vc_raw_html][\/vc_column][\/vc_row]\n","protected":false},"excerpt":{"rendered":"<p>[vc_row][vc_column][vc_column_text] Bridge4Mobility ist ein f\u00fchrendes Unternehmen in der internationalen Personalvermittlung f\u00fcr Fachkr\u00e4fte [\/vc_column_text][vc_column_text]Seit 2016 rekrutieren wir qualifizierte Fachkr\u00e4fte aus Spanien und S\u00fcdamerika, bereiten sie sprachlich und kulturell auf ihren Einsatz in Deutschland, \u00d6sterreich, Schweiz und Spanien vor und begleiten sie durch den gesamten Integrationsprozess.[\/vc_column_text][vc_column_text]Als Tochtergesellschaft von Talent &amp; Care agieren wir sowohl gemeinsam als auch<\/p>\n","protected":false},"author":1612,"featured_media":0,"parent":0,"menu_order":0,"comment_status":"closed","ping_status":"closed","template":"tpl_landingpage.php","meta":[],"yoast_head":"<!-- This site is optimized with the Yoast SEO plugin v19.13 - https:\/\/yoast.com\/wordpress\/plugins\/seo\/ -->\n<title>\u00dcber uns - Bridge4Mobility [INT]<\/title>\n<meta name=\"robots\" content=\"noindex, follow, max-snippet:-1, max-image-preview:large, max-video-preview:-1\" \/>\n<meta property=\"og:locale\" content=\"de_DE\" \/>\n<meta property=\"og:type\" content=\"article\" \/>\n<meta property=\"og:title\" content=\"\u00dcber uns - Bridge4Mobility [INT]\" \/>\n<meta property=\"og:description\" content=\"[vc_row][vc_column][vc_column_text] Bridge4Mobility ist ein f\u00fchrendes Unternehmen in der internationalen Personalvermittlung f\u00fcr Fachkr\u00e4fte [\/vc_column_text][vc_column_text]Seit 2016 rekrutieren wir qualifizierte Fachkr\u00e4fte aus Spanien und S\u00fcdamerika, bereiten sie sprachlich und kulturell auf ihren Einsatz in Deutschland, \u00d6sterreich, Schweiz und Spanien vor und begleiten sie durch den gesamten Integrationsprozess.[\/vc_column_text][vc_column_text]Als Tochtergesellschaft von Talent &amp; Care agieren wir sowohl gemeinsam als auch\" \/>\n<meta property=\"og:url\" content=\"https:\/\/int.bridge4mobility.com\/de\/ueber-uns\/\" \/>\n<meta property=\"og:site_name\" content=\"Bridge4Mobility [INT]\" \/>\n<meta property=\"article:modified_time\" content=\"2025-06-06T12:27:26+00:00\" \/>\n<meta name=\"twitter:label1\" content=\"Gesch\u00e4tzte Lesezeit\" \/>\n\t<meta name=\"twitter:data1\" content=\"1 Minute\" \/>\n<script type=\"application\/ld+json\" class=\"yoast-schema-graph\">{\"@context\":\"https:\/\/schema.org\",\"@graph\":[{\"@type\":\"WebPage\",\"@id\":\"https:\/\/int.bridge4mobility.com\/de\/ueber-uns\/\",\"url\":\"https:\/\/int.bridge4mobility.com\/de\/ueber-uns\/\",\"name\":\"\u00dcber uns - Bridge4Mobility [INT]\",\"isPartOf\":{\"@id\":\"https:\/\/int.bridge4mobility.com\/de\/#website\"},\"datePublished\":\"2025-03-28T12:08:56+00:00\",\"dateModified\":\"2025-06-06T12:27:26+00:00\",\"breadcrumb\":{\"@id\":\"https:\/\/int.bridge4mobility.com\/de\/ueber-uns\/#breadcrumb\"},\"inLanguage\":\"de-DE\",\"potentialAction\":[{\"@type\":\"ReadAction\",\"target\":[\"https:\/\/int.bridge4mobility.com\/de\/ueber-uns\/\"]}]},{\"@type\":\"BreadcrumbList\",\"@id\":\"https:\/\/int.bridge4mobility.com\/de\/ueber-uns\/#breadcrumb\",\"itemListElement\":[{\"@type\":\"ListItem\",\"position\":1,\"name\":\"Home\",\"item\":\"https:\/\/int.bridge4mobility.com\/de\/\"},{\"@type\":\"ListItem\",\"position\":2,\"name\":\"\u00dcber uns\"}]},{\"@type\":\"WebSite\",\"@id\":\"https:\/\/int.bridge4mobility.com\/de\/#website\",\"url\":\"https:\/\/int.bridge4mobility.com\/de\/\",\"name\":\"Bridge4Mobility [INT]\",\"description\":\"Qualifizierte Fachkr\u00e4fte aus Spanien\",\"potentialAction\":[{\"@type\":\"SearchAction\",\"target\":{\"@type\":\"EntryPoint\",\"urlTemplate\":\"https:\/\/int.bridge4mobility.com\/de\/?s={search_term_string}\"},\"query-input\":\"required name=search_term_string\"}],\"inLanguage\":\"de-DE\"}]}<\/script>\n<!-- \/ Yoast SEO plugin. -->","yoast_head_json":{"title":"\u00dcber uns - Bridge4Mobility [INT]","robots":{"index":"noindex","follow":"follow","max-snippet":"max-snippet:-1","max-image-preview":"max-image-preview:large","max-video-preview":"max-video-preview:-1"},"og_locale":"de_DE","og_type":"article","og_title":"\u00dcber uns - Bridge4Mobility [INT]","og_description":"[vc_row][vc_column][vc_column_text] Bridge4Mobility ist ein f\u00fchrendes Unternehmen in der internationalen Personalvermittlung f\u00fcr Fachkr\u00e4fte [\/vc_column_text][vc_column_text]Seit 2016 rekrutieren wir qualifizierte Fachkr\u00e4fte aus Spanien und S\u00fcdamerika, bereiten sie sprachlich und kulturell auf ihren Einsatz in Deutschland, \u00d6sterreich, Schweiz und Spanien vor und begleiten sie durch den gesamten Integrationsprozess.[\/vc_column_text][vc_column_text]Als Tochtergesellschaft von Talent &amp; Care agieren wir sowohl gemeinsam als auch","og_url":"https:\/\/int.bridge4mobility.com\/de\/ueber-uns\/","og_site_name":"Bridge4Mobility [INT]","article_modified_time":"2025-06-06T12:27:26+00:00","twitter_misc":{"Gesch\u00e4tzte Lesezeit":"1 Minute"},"schema":{"@context":"https:\/\/schema.org","@graph":[{"@type":"WebPage","@id":"https:\/\/int.bridge4mobility.com\/de\/ueber-uns\/","url":"https:\/\/int.bridge4mobility.com\/de\/ueber-uns\/","name":"\u00dcber uns - Bridge4Mobility [INT]","isPartOf":{"@id":"https:\/\/int.bridge4mobility.com\/de\/#website"},"datePublished":"2025-03-28T12:08:56+00:00","dateModified":"2025-06-06T12:27:26+00:00","breadcrumb":{"@id":"https:\/\/int.bridge4mobility.com\/de\/ueber-uns\/#breadcrumb"},"inLanguage":"de-DE","potentialAction":[{"@type":"ReadAction","target":["https:\/\/int.bridge4mobility.com\/de\/ueber-uns\/"]}]},{"@type":"BreadcrumbList","@id":"https:\/\/int.bridge4mobility.com\/de\/ueber-uns\/#breadcrumb","itemListElement":[{"@type":"ListItem","position":1,"name":"Home","item":"https:\/\/int.bridge4mobility.com\/de\/"},{"@type":"ListItem","position":2,"name":"\u00dcber uns"}]},{"@type":"WebSite","@id":"https:\/\/int.bridge4mobility.com\/de\/#website","url":"https:\/\/int.bridge4mobility.com\/de\/","name":"Bridge4Mobility [INT]","description":"Qualifizierte Fachkr\u00e4fte aus Spanien","potentialAction":[{"@type":"SearchAction","target":{"@type":"EntryPoint","urlTemplate":"https:\/\/int.bridge4mobility.com\/de\/?s={search_term_string}"},"query-input":"required name=search_term_string"}],"inLanguage":"de-DE"}]}},"_links":{"self":[{"href":"https:\/\/int.bridge4mobility.com\/de\/wp-json\/wp\/v2\/pages\/13138"}],"collection":[{"href":"https:\/\/int.bridge4mobility.com\/de\/wp-json\/wp\/v2\/pages"}],"about":[{"href":"https:\/\/int.bridge4mobility.com\/de\/wp-json\/wp\/v2\/types\/page"}],"author":[{"embeddable":true,"href":"https:\/\/int.bridge4mobility.com\/de\/wp-json\/wp\/v2\/users\/1612"}],"replies":[{"embeddable":true,"href":"https:\/\/int.bridge4mobility.com\/de\/wp-json\/wp\/v2\/comments?post=13138"}],"version-history":[{"count":38,"href":"https:\/\/int.bridge4mobility.com\/de\/wp-json\/wp\/v2\/pages\/13138\/revisions"}],"predecessor-version":[{"id":13193,"href":"https:\/\/int.bridge4mobility.com\/de\/wp-json\/wp\/v2\/pages\/13138\/revisions\/13193"}],"wp:attachment":[{"href":"https:\/\/int.bridge4mobility.com\/de\/wp-json\/wp\/v2\/media?parent=13138"}],"curies":[{"name":"wp","href":"https:\/\/api.w.org\/{rel}","templated":true}]}}