{"id":5897,"date":"2017-12-14T20:18:33","date_gmt":"2017-12-14T19:18:33","guid":{"rendered":"https:\/\/www.bridge4mobility.com\/?page_id=5897"},"modified":"2021-12-10T18:47:59","modified_gmt":"2021-12-10T17:47:59","slug":"datenschutz-soziale-netzwerke","status":"publish","type":"page","link":"https:\/\/int.bridge4mobility.com\/de\/datenschutz-soziale-netzwerke\/","title":{"rendered":"Datenschutz in Sozialen Netzwerken"},"content":{"rendered":"[vc_row][vc_column][vc_column_text]<strong>Datenschutzbestimmungen f\u00fcr die offiziellen sozialen Netzwerke von BRIDGE4MOBILITY, SL.<\/strong><\/p>\n<ol>\n<li><strong>Informationen \u00fcber den Verantwortlichen f\u00fcr die Verarbeitung der in der offiziellen Website von BRIDGE4MOBILITY, SL. gespeicherten Daten aus sozialen Netzwerken<\/strong><\/li>\n<\/ol>\n<p>Gem\u00e4\u00df der Bestimmungen des spanischen Datenschutzgesetzes 15\/1999 vom 13. Dezember (<i>Ley de Protecci\u00f3n de Datos de Car\u00e1cter Personal<\/i>, im Folgenden LOPD) und des K\u00f6niglichen Dekrets 1720\/2007 vom 21. Dezember, durch das die Durchf\u00fchrungsbestimmung (<i>Reglamento de desarrollo de la LOPD<\/i>, im Folgenden RDLOPD) verabschiedet wird, informiert <strong>BRIDGE4MOBILITY, SL. <\/strong>die Nutzer dieses sozialen Netzwerkes \u00fcber seine Richtlinien zur Verarbeitung und zum Schutz personenbezogener Daten jener Personen, die sich freiwillig Zugang zur offiziellen Website von <strong>BRIDGE4MOBILITY, SL.<\/strong> verschaffen und diese benutzen. Der Zugang und die Nutzung der offiziellen Website von <strong>BRIDGE4MOBILITY, SL.<\/strong> setzt voraus, dass diese Datenschutzrichtlinien ausdr\u00fccklich anerkannt werden und der Nutzer mit der Verarbeitung seiner personenbezogenen Daten gem\u00e4\u00df der darin enthaltenen Bestimmungen einverstanden ist.<\/p>\n<ol start=\"2\">\n<li><strong>Daten minderj\u00e4hriger oder unm\u00fcndiger Nutzer<\/strong><\/li>\n<\/ol>\n<p>Der Zugang zu diesem sozialen Netzwerk und die entsprechende Anmeldung ist minderj\u00e4hrigen Nutzern unter vierzehn (14) Jahren verboten, ebenso wie minderj\u00e4hrigen Nutzern unter vierzehn (14) Jahren der Zugang und die Nutzung der offiziellen Website von <strong>BRIDGE4MOBILITY, SL. <\/strong> untersagt ist. <strong>BRIDGE4MOBILITY, SL.<\/strong> weist des Weiteren darauf hin, dass im Fall von unm\u00fcndigen Nutzern f\u00fcr den Zugang und die Nutzung der offiziellen Website von <strong>BRIDGE4MOBILITY, SL.<\/strong> der einvernehmliche Beistand des Inhabers des Sorgerechts oder des gesetzlichen Vormundes notwendig ist. <strong>BRIDGE4MOBILITY, SL.<\/strong> ist ausdr\u00fccklich von jeglicher Haftung befreit, die sich aus der Nutzung seiner offiziellen Website durch minderj\u00e4hrige oder unm\u00fcndige Nutzer ableitet. Die diesbez\u00fcgliche Haftung entf\u00e4llt auf deren gesetzliche Vertreter.<\/p>\n<ol start=\"3\">\n<li><strong>Identifizierung der Firmenbezeichnung des Dateiverantwortlichen<\/strong><\/li>\n<\/ol>\n<p>Der Nutzer wird dar\u00fcber in Kenntnis gesetzt, dass <strong>BRIDGE4MOBILITY, SL. ,<\/strong> mit Sitz in <strong>C\/ JAUME BALMES 37, 3r &#8211; 08301 MATAR\u00d3<\/strong>\u00a0f\u00fcr die Dateien und Verarbeitungsvorg\u00e4nge verantwortlich ist, \u00fcber die personenbezogene Daten des Nutzers als Folge seiner Anmeldung auf der offiziellen Website von <strong>BRIDGE4MOBILITY, SL.<\/strong> sowie deren Nutzung in diesem sozialen Netzwerk gesammelt und gespeichert werden, unbeschadet der Datenverarbeitung, f\u00fcr die der Eigent\u00fcmer des sozialen Netzwerkes, in dem sich unsere offizielle Webseite befindet, verantwortlich zeichnet.<\/p>\n<ol start=\"4\">\n<li><strong>Verwendungszweck der personenbezogenen Daten, Information und Einverst\u00e4ndnis <\/strong><\/li>\n<\/ol>\n<p>Die <strong>BRIDGE4MOBILITY, SL.<\/strong> \u00fcber die offizielle Website freiwillig vom Nutzer \u00fcbermittelten personenbezogenen Daten werden einer Verarbeitung unterzogen, f\u00fcr die <strong>BRIDGE4MOBILITY, SL.<\/strong> verantwortlich ist. Ziel ist es, diesem Informationen \u00fcber <strong>BRIDGE4MOBILITY, SL.<\/strong> per E-Mail, Fax, SMS, MMS, soziale Netzwerke oder jedes andere elektronische oder physische, gegenw\u00e4rtig vorhandene oder k\u00fcnftige Kommunikationsmedium anzubieten und Material mit Werbeinhalten und Newsletter an angemeldete Nutzer zu verschicken, Informationen mit <strong>BRIDGE4MOBILITY, SL.<\/strong> sowie anderen Nutzern auszutauschen und mit Dritten zu kommunizieren.<\/p>\n<p>Vom Augenblick der erstmaligen Nutzung dieser offiziellen Website erkl\u00e4rt der Nutzer sein freies, eindeutiges, spezifisches, sachkundiges und ausdr\u00fcckliches Einverst\u00e4ndnis mit der Verarbeitung seiner personenbezogenen Daten durch <strong>BRIDGE4MOBILITY, SL.<\/strong> f\u00fcr eine korrekte Erbringung der genannten Dienstleistungen gem\u00e4\u00df der in den vorliegenden Richtlinien enthaltenen Bestimmungen.<\/p>\n<p>Dem Nutzer steht es frei, in diesem sozialen Netzwerk die offizielle Website von <strong>BRIDGE4MOBILITY, SL.<\/strong> zu benutzen. Falls er mit der Verarbeitung seiner Daten zu den genannten Zwecken nicht einverstanden ist, sollte er weder die Seite benutzen noch seine Daten preisgeben.<\/p>\n<p>\u00dcber diese offizielle Website von <strong>BRIDGE4MOBILITY, SL. <\/strong>el usuario puede compartir textos, fotos, v\u00eddeos y otro tipo de informaci\u00f3n y\/o contenidos que estar\u00e1n sujetos tanto a la presente pol\u00edtica como a las Normas y Condiciones de la Plataforma. El usuario ser\u00e1 responsable de que todos los contenidos que publique respeten la legislaci\u00f3n vigente, la presente pol\u00edtica y las Normas de la Plataforma.<\/p>\n<p>El usuario \u00fanicamente podr\u00e1 publicar en esta p\u00e1gina oficial de <strong>BRIDGE4MOBILITY, SL.<\/strong> kann der Nutzer Texte, Fotos, Videos und andere Arten von Informationen oder Inhalten teilen, die sowohl diesen Richtlinien als auch den Vorschriften und Bedingungen der Plattform unterworfen sind. Der Nutzer ist daf\u00fcr verantwortlich, dass die von ihm ver\u00f6ffentlichten Inhalte die g\u00fcltige Gesetzgebung, die vorliegenden Richtlinien und die Normen der Plattform respektieren.<\/p>\n<p>Nutzer d\u00fcrfen auf dieser offiziellen Website von <strong>BRIDGE4MOBILITY, SL.<\/strong> nur die pers\u00f6nlichen Daten, Fotos, Informationen oder andere Inhalte ver\u00f6ffentlichen, die ihnen geh\u00f6ren bzw. f\u00fcr die sie die Genehmigung Dritter haben.<br \/>\n<strong>BRIDGE4MOBILITY, SL.<\/strong> hat das Recht, von dieser offiziellen Website &#8211; eigenm\u00e4chtig und ohne vorherige Mitteilung an oder Einverst\u00e4ndnis durch den Nutzer &#8211; s\u00e4mtliche vom Nutzer ver\u00f6ffentlichte Inhalte zu l\u00f6schen, sofern diese gegen die g\u00fcltige Gesetzgebung, die vorliegenden Richtlinien und die Normen der Plattform versto\u00dfen.<\/p>\n<ol start=\"5\">\n<li><strong>Identifizierung von m\u00f6glichen Empf\u00e4ngern von Datenabtretungen oder -\u00fcbermittlungen durch BRIDGE4MOBILITY, SL.<\/strong><\/li>\n<\/ol>\n<p>Der Nutzer wird darauf hingewiesen, dass s\u00e4mtliche, auf der offiziellen Website von <strong>BRIDGE4MOBILITY, SL.<\/strong> im sozialen Netzwerk ver\u00f6ffentlichten Informationen und Inhalte f\u00fcr die anderen Nutzer der Website und der Netzwerk-Plattform sichtbar sind. Folglich sind s\u00e4mtliche, vom Nutzer auf der offiziellen Website von <strong>BRIDGE4MOBILITY, SL.<\/strong> im sozialen Netzwerk ver\u00f6ffentlichten Informationen und Inhalte naturgem\u00e4\u00df Kommunikationsgegenstand f\u00fcr andere Nutzer.<\/p>\n<p><strong>BRIDGE4MOBILITY, SL.<\/strong>hat vor, Daten nur dann abzutreten oder zu \u00fcbermitteln, wenn das Unternehmen im Rahmen der g\u00fcltigen Gesetzgebung dazu an Richter, Gerichte, \u00f6ffentliche Beh\u00f6rden oder zust\u00e4ndige Verwaltungsbeh\u00f6rden verpflichtet wird.<\/p>\n<ol start=\"6\">\n<li><strong>Weitere Drittanbieter von Dienstleistungen<\/strong><\/li>\n<\/ol>\n<p><strong>BRIDGE4MOBILITY, SL.<\/strong> weist den Nutzer darauf hin, dass dieses Unternehmen im Sinne dieser Richtlinien lediglich die vertrauliche Behandlung, Sicherheit und Verarbeitung der personenbezogenen Daten garantiert und verantwortet, die vom Nutzer \u00fcber die offizielle Website in diesem sozialen Netzwerk gesammelt werden. Es wird keine Verantwortung f\u00fcr die Verarbeitung und anschlie\u00dfende Verwendung der personenbezogenen Daten \u00fcbernommen, die sowohl der Eigent\u00fcmer des sozialen Netzwerkes als auch Drittanbieter von Dienstleistungen der Informationsgesellschaft vornehmen k\u00f6nnten und die durch die Erbringung von Dienstleistungen oder Aus\u00fcbung ihrer Gesch\u00e4ftst\u00e4tigkeit Zugang zu den genannten Daten erlangt haben k\u00f6nnen, f\u00fcr Dritte, die Hyperlinks im sozialen Netzwerk erstellen oder f\u00fcr jene Verantwortliche, an die <strong>BRIDGE4MOBILITY, SL.<\/strong> \u00fcber Hyperlinks die auf dieser offiziellen Webseite angemeldeten Nutzer verweist.<\/p>\n<ol start=\"7\">\n<li><strong>Qualit\u00e4t der erhobenen Daten<\/strong><\/li>\n<\/ol>\n<p><strong>BRIDGE4MOBILITY, SL.<\/strong> weist den Nutzer darauf hin, dass kein Nutzer die Identit\u00e4t einer anderen Person benutzen und deren personenbezogene Daten \u00fcbermitteln darf, es sei denn, es l\u00e4ge eine nach geltendem Recht erstellte Vertretung vor. Folglich muss sich der Nutzer jederzeit bewusst sein, dass er lediglich mit seiner eigenen Identit\u00e4t verbundene, geeignete, aktuelle, pr\u00e4zise und wahrheitsgem\u00e4\u00dfe personenbezogene Daten \u00fcbermitteln darf. Der Nutzer muss in jedem Fall die Privatsph\u00e4re Dritter respektieren, unabh\u00e4ngig davon, ob diese Nutzer oder nicht des sozialen Netzwerkes oder der offiziellen Website von <strong>BRIDGE4MOBILITY, SL.<\/strong> in selbigen sind.<\/p>\n<ol start=\"8\">\n<li><strong>Aus\u00fcbung des mit den Daten verbundenen Rechts auf Zugang, Richtigstellung, L\u00f6schung und Widerspruch<\/strong><\/li>\n<\/ol>\n<p><strong>BRIDGE4MOBILITY, SL.<\/strong> informiert den Nutzer bez\u00fcglich seines im Zusammenhang mit den Daten vorhandenen Rechts auf Zugang, Richtigstellung, L\u00f6schung und Widerspruch durch schriftlichen Antrag an <strong>BRIDGE4MOBILITY, SL. \u00a0<\/strong>mit Sitz in <strong>C\/ JAUME BALMES 37, 3r &#8211; 08301 MATAR\u00d3\u00a0<\/strong>oder an die Anschrift, die diese ersetzt und dem allgemeinen Datenschutzregister (Registro General de Protecci\u00f3n de Datos) mitgeteilt wird. Zu diesem Zweck muss der Antragsteller ein Schreiben an <strong>BRIDGE4MOBILITY, SL. \u00a0<\/strong>mit dem Antrag oder dem ausge\u00fcbten Recht, zusammen mit einer Kopie seines Personalausweises oder eines anderen, seine Identit\u00e4t belegenden Schriftst\u00fcckes, schicken. Dabei muss er ausdr\u00fccklich seinen Benutzernamen (Login) f\u00fcr die offizielle Website von <strong>BRIDGE4MOBILITY, SL. <\/strong>im sozialen Netzwerk angeben, damit er zweifelsfrei identifiziert werden kann.<\/p>\n<ol start=\"9\">\n<li><strong>Zus\u00e4tzliche Informationen<\/strong><\/li>\n<\/ol>\n<p><strong>BRIDGE4MOBILITY, SL. <\/strong>kann die aktuellen Datenschutzrichtlinien jederzeit \u00e4ndern bzw. ersetzen, wodurch gegebenenfalls die an dieser Stelle ver\u00f6ffentlichten Richtlinien ersetzt, vervollst\u00e4ndigt oder ver\u00e4ndert werden. Darum muss sich der Nutzer regelm\u00e4\u00dfig \u00fcber die Richtlinien informieren, um immer auf dem neuesten Stand zu sein.<\/p>\n<p>Der Nutzer kann \u00fcber das interne Nachrichtensystem des sozialen Netzwerkes oder \u00fcber folgende Kontaktdaten mit <strong>BRIDGE4MOBILITY, SL. <\/strong>in Kontakt treten:<\/p>\n<p><strong>BRIDGE4MOBILITY, SL. <\/strong><\/p>\n<p>Sitz: <strong>C\/ JAUME BALMES 37, 3r &#8211; 08301 MATAR\u00d3<\/strong><\/p>\n<p>E-Mail: <a href=\"mailto:info@bridge4mobility.com\">info@bridge4mobility.com<\/a><\/p>\n<p>Des Weiteren kann der Nutzer die vom Eigent\u00fcmer des sozialen Netzwerkes f\u00fcr dessen Nutzung ver\u00f6ffentlichten Normen und Richtlinien konsultieren.[\/vc_column_text][\/vc_column][\/vc_row]\n","protected":false},"excerpt":{"rendered":"<p>[vc_row][vc_column][vc_column_text]Datenschutzbestimmungen f\u00fcr die offiziellen sozialen Netzwerke von BRIDGE4MOBILITY, SL. Informationen \u00fcber den Verantwortlichen f\u00fcr die Verarbeitung der in der offiziellen Website von BRIDGE4MOBILITY, SL. gespeicherten Daten aus sozialen Netzwerken Gem\u00e4\u00df der Bestimmungen des spanischen Datenschutzgesetzes 15\/1999 vom 13. Dezember (Ley de Protecci\u00f3n de Datos de Car\u00e1cter Personal, im Folgenden LOPD) und des K\u00f6niglichen Dekrets 1720\/2007<\/p>\n","protected":false},"author":1,"featured_media":0,"parent":0,"menu_order":0,"comment_status":"closed","ping_status":"closed","template":"","meta":[],"yoast_head":"<!-- This site is optimized with the Yoast SEO plugin v19.13 - https:\/\/yoast.com\/wordpress\/plugins\/seo\/ -->\n<title>Datenschutz in Sozialen Netzwerken - Bridge4Mobility [INT]<\/title>\n<meta name=\"robots\" content=\"noindex, nofollow\" \/>\n<meta property=\"og:locale\" content=\"de_DE\" \/>\n<meta property=\"og:type\" content=\"article\" \/>\n<meta property=\"og:title\" content=\"Datenschutz in Sozialen Netzwerken - Bridge4Mobility [INT]\" \/>\n<meta property=\"og:description\" content=\"[vc_row][vc_column][vc_column_text]Datenschutzbestimmungen f\u00fcr die offiziellen sozialen Netzwerke von BRIDGE4MOBILITY, SL. Informationen \u00fcber den Verantwortlichen f\u00fcr die Verarbeitung der in der offiziellen Website von BRIDGE4MOBILITY, SL. gespeicherten Daten aus sozialen Netzwerken Gem\u00e4\u00df der Bestimmungen des spanischen Datenschutzgesetzes 15\/1999 vom 13. Dezember (Ley de Protecci\u00f3n de Datos de Car\u00e1cter Personal, im Folgenden LOPD) und des K\u00f6niglichen Dekrets 1720\/2007\" \/>\n<meta property=\"og:url\" content=\"https:\/\/int.bridge4mobility.com\/de\/datenschutz-soziale-netzwerke\/\" \/>\n<meta property=\"og:site_name\" content=\"Bridge4Mobility [INT]\" \/>\n<meta property=\"article:modified_time\" content=\"2021-12-10T17:47:59+00:00\" \/>\n<meta name=\"twitter:label1\" content=\"Gesch\u00e4tzte Lesezeit\" \/>\n\t<meta name=\"twitter:data1\" content=\"7 Minuten\" \/>\n<script type=\"application\/ld+json\" class=\"yoast-schema-graph\">{\"@context\":\"https:\/\/schema.org\",\"@graph\":[{\"@type\":\"WebPage\",\"@id\":\"https:\/\/int.bridge4mobility.com\/de\/datenschutz-soziale-netzwerke\/\",\"url\":\"https:\/\/int.bridge4mobility.com\/de\/datenschutz-soziale-netzwerke\/\",\"name\":\"Datenschutz in Sozialen Netzwerken - Bridge4Mobility [INT]\",\"isPartOf\":{\"@id\":\"https:\/\/int.bridge4mobility.com\/de\/#website\"},\"datePublished\":\"2017-12-14T19:18:33+00:00\",\"dateModified\":\"2021-12-10T17:47:59+00:00\",\"breadcrumb\":{\"@id\":\"https:\/\/int.bridge4mobility.com\/de\/datenschutz-soziale-netzwerke\/#breadcrumb\"},\"inLanguage\":\"de-DE\",\"potentialAction\":[{\"@type\":\"ReadAction\",\"target\":[\"https:\/\/int.bridge4mobility.com\/de\/datenschutz-soziale-netzwerke\/\"]}]},{\"@type\":\"BreadcrumbList\",\"@id\":\"https:\/\/int.bridge4mobility.com\/de\/datenschutz-soziale-netzwerke\/#breadcrumb\",\"itemListElement\":[{\"@type\":\"ListItem\",\"position\":1,\"name\":\"Home\",\"item\":\"https:\/\/int.bridge4mobility.com\/de\/\"},{\"@type\":\"ListItem\",\"position\":2,\"name\":\"Datenschutz in Sozialen Netzwerken\"}]},{\"@type\":\"WebSite\",\"@id\":\"https:\/\/int.bridge4mobility.com\/de\/#website\",\"url\":\"https:\/\/int.bridge4mobility.com\/de\/\",\"name\":\"Bridge4Mobility [INT]\",\"description\":\"Qualifizierte Fachkr\u00e4fte aus Spanien\",\"potentialAction\":[{\"@type\":\"SearchAction\",\"target\":{\"@type\":\"EntryPoint\",\"urlTemplate\":\"https:\/\/int.bridge4mobility.com\/de\/?s={search_term_string}\"},\"query-input\":\"required name=search_term_string\"}],\"inLanguage\":\"de-DE\"}]}<\/script>\n<!-- \/ Yoast SEO plugin. -->","yoast_head_json":{"title":"Datenschutz in Sozialen Netzwerken - Bridge4Mobility [INT]","robots":{"index":"noindex","follow":"nofollow"},"og_locale":"de_DE","og_type":"article","og_title":"Datenschutz in Sozialen Netzwerken - Bridge4Mobility [INT]","og_description":"[vc_row][vc_column][vc_column_text]Datenschutzbestimmungen f\u00fcr die offiziellen sozialen Netzwerke von BRIDGE4MOBILITY, SL. Informationen \u00fcber den Verantwortlichen f\u00fcr die Verarbeitung der in der offiziellen Website von BRIDGE4MOBILITY, SL. gespeicherten Daten aus sozialen Netzwerken Gem\u00e4\u00df der Bestimmungen des spanischen Datenschutzgesetzes 15\/1999 vom 13. Dezember (Ley de Protecci\u00f3n de Datos de Car\u00e1cter Personal, im Folgenden LOPD) und des K\u00f6niglichen Dekrets 1720\/2007","og_url":"https:\/\/int.bridge4mobility.com\/de\/datenschutz-soziale-netzwerke\/","og_site_name":"Bridge4Mobility [INT]","article_modified_time":"2021-12-10T17:47:59+00:00","twitter_misc":{"Gesch\u00e4tzte Lesezeit":"7 Minuten"},"schema":{"@context":"https:\/\/schema.org","@graph":[{"@type":"WebPage","@id":"https:\/\/int.bridge4mobility.com\/de\/datenschutz-soziale-netzwerke\/","url":"https:\/\/int.bridge4mobility.com\/de\/datenschutz-soziale-netzwerke\/","name":"Datenschutz in Sozialen Netzwerken - Bridge4Mobility [INT]","isPartOf":{"@id":"https:\/\/int.bridge4mobility.com\/de\/#website"},"datePublished":"2017-12-14T19:18:33+00:00","dateModified":"2021-12-10T17:47:59+00:00","breadcrumb":{"@id":"https:\/\/int.bridge4mobility.com\/de\/datenschutz-soziale-netzwerke\/#breadcrumb"},"inLanguage":"de-DE","potentialAction":[{"@type":"ReadAction","target":["https:\/\/int.bridge4mobility.com\/de\/datenschutz-soziale-netzwerke\/"]}]},{"@type":"BreadcrumbList","@id":"https:\/\/int.bridge4mobility.com\/de\/datenschutz-soziale-netzwerke\/#breadcrumb","itemListElement":[{"@type":"ListItem","position":1,"name":"Home","item":"https:\/\/int.bridge4mobility.com\/de\/"},{"@type":"ListItem","position":2,"name":"Datenschutz in Sozialen Netzwerken"}]},{"@type":"WebSite","@id":"https:\/\/int.bridge4mobility.com\/de\/#website","url":"https:\/\/int.bridge4mobility.com\/de\/","name":"Bridge4Mobility [INT]","description":"Qualifizierte Fachkr\u00e4fte aus Spanien","potentialAction":[{"@type":"SearchAction","target":{"@type":"EntryPoint","urlTemplate":"https:\/\/int.bridge4mobility.com\/de\/?s={search_term_string}"},"query-input":"required name=search_term_string"}],"inLanguage":"de-DE"}]}},"_links":{"self":[{"href":"https:\/\/int.bridge4mobility.com\/de\/wp-json\/wp\/v2\/pages\/5897"}],"collection":[{"href":"https:\/\/int.bridge4mobility.com\/de\/wp-json\/wp\/v2\/pages"}],"about":[{"href":"https:\/\/int.bridge4mobility.com\/de\/wp-json\/wp\/v2\/types\/page"}],"author":[{"embeddable":true,"href":"https:\/\/int.bridge4mobility.com\/de\/wp-json\/wp\/v2\/users\/1"}],"replies":[{"embeddable":true,"href":"https:\/\/int.bridge4mobility.com\/de\/wp-json\/wp\/v2\/comments?post=5897"}],"version-history":[{"count":1,"href":"https:\/\/int.bridge4mobility.com\/de\/wp-json\/wp\/v2\/pages\/5897\/revisions"}],"predecessor-version":[{"id":11416,"href":"https:\/\/int.bridge4mobility.com\/de\/wp-json\/wp\/v2\/pages\/5897\/revisions\/11416"}],"wp:attachment":[{"href":"https:\/\/int.bridge4mobility.com\/de\/wp-json\/wp\/v2\/media?parent=5897"}],"curies":[{"name":"wp","href":"https:\/\/api.w.org\/{rel}","templated":true}]}}