{"id":11422,"date":"2021-12-10T19:23:14","date_gmt":"2021-12-10T18:23:14","guid":{"rendered":"https:\/\/www.bridge4mobility.com\/?page_id=11422"},"modified":"2025-01-23T20:41:33","modified_gmt":"2025-01-23T19:41:33","slug":"codigo-deontologico","status":"publish","type":"page","link":"https:\/\/int.bridge4mobility.com\/es\/codigo-deontologico\/","title":{"rendered":"C\u00f3digo Deontol\u00f3gico"},"content":{"rendered":"[vc_row][vc_column][vc_headings style=&#8221;theme5&#8243; borderclr=&#8221;#000000&#8243; title=&#8221;Bridge4Mobility valores de la compa\u00f1\u00eda&#8221; use_theme_fonts=&#8221;yes&#8221; titleclr=&#8221;#000000&#8243; icon=&#8221;fa fa-qrcode&#8221;]\n<div style=\"font-size: 16px; line-height: 20px; padding-top: 20px; padding-left: 4px;\">\n<p>&nbsp;<\/p>\n<ul style=\"list-style-type: circle;\">\n<li style=\"text-align: left;\"><strong>Visi\u00f3n:<\/strong> B4M aspira a ser el puente para el mercado laboral europeo, a favor del desarrollo de las\u00a0personas y de los negocios.<\/li>\n<li style=\"text-align: left;\"><strong>Misi\u00f3n:<\/strong> Apostamos por el talento, evitando que los conocimientos adquiridos caduquen; orientamos a las personas, complementamos su formaci\u00f3n y proporcionamos oportunidades de desarrollo personal y profesional.<\/li>\n<li style=\"text-align: left;\"><strong>Valores:<\/strong> Transparencia y claridad en el proceso y en la informaci\u00f3n de los proyectos; compromiso con los clientes internos y externos; tenemos en cuenta las diferencias culturales de las diferentes regiones implicadas en los proyectos; somos un equipo profesional, flexible, din\u00e1mico, multicultural y que nos ganamos la confianza con esfuerzo y dedicaci\u00f3n; socialmente \u00edntegros, nuestros proyectos evitan la precariedad y la temporalidad laboral.<\/li>\n<\/ul>\n<\/div>\n[\/vc_headings][vc_empty_space][\/vc_column][\/vc_row][vc_row][vc_column][vc_headings style=&#8221;theme5&#8243; borderclr=&#8221;#000000&#8243; title=&#8221;Declaraci\u00f3n de B4M acerca de la contrataci\u00f3n de profesionales de la enfermer\u00eda internacionales&#8221; use_theme_fonts=&#8221;yes&#8221; titleclr=&#8221;#000000&#8243; caption_url=&#8221;&#8221; caption_urls=&#8221;&#8221; caption_urlss=&#8221;&#8221; caption_urldesc=&#8221;&#8221; icon=&#8221;fa fa-qrcode&#8221;]\n<div style=\"font-size: 16px; line-height: 20px; padding-top: 20px; padding-left: 4px;\">\n<p>&nbsp;<\/p>\n<ul style=\"list-style-type: circle;\">\n<li style=\"text-align: left;\">B4M mantiene un firme compromiso con las pr\u00e1cticas de contrataci\u00f3n justas y \u00e9ticas:\u00a0 \u00a0 \u00a0&#8211; Forma escrita para verificabilidad- Proceso de colocaci\u00f3n gratuito- Limitar el riesgo econ\u00f3mico para los profesionales de enfermer\u00eda- Transparencia en cuanto a estructuras, servicios y costes- Sostenibilidad y Participaci\u00f3n\n<p>&#8211; Responsabilidad general de toda la cadena de servicios.<\/li>\n<li style=\"text-align: left;\">B4M se compromete con la pr\u00e1ctica empresarial basado en el <a href=\"https:\/\/int.bridge4mobility.com\/wp-content\/uploads\/Anexo-1-2012_04_03_WHO-codigo-deontologico.pdf\" target=\"_blank\" rel=\"noopener\">C\u00f3digo deontol\u00f3gico de la\u00a0OMS para la contrataci\u00f3n internacional de profesionales de la salud<\/a>.<\/li>\n<li style=\"text-align: left;\">B4M se compromete con el principio de &#8220;el empleador paga&#8221;, es decir que no se cargar\u00e1n costes de mediaci\u00f3n de personal a los\/las profesionales de enfermer\u00eda. B4M tambi\u00e9n se abstiene de colocar a empleados en contratos de trabajo con cl\u00e1usulas de compromiso y reembolso que no sean compatibles con los criterios del sello de calidad \u201cContrataci\u00f3n Justa Enfermer\u00eda\u201d.<\/li>\n<li style=\"text-align: left;\">B4M hace referencia a las <a href=\"https:\/\/int.bridge4mobility.com\/wp-content\/uploads\/Anexo-2-Declaracion-OIT.pdf\" target=\"_blank\" rel=\"noopener\">convenciones internacionales de derechos humanos y las normas fundamentales del trabajo de la OIT, en particular los principios generales y directrices operativas para una contrataci\u00f3n equitativa de la OIT<\/a>, as\u00ed como<\/li>\n<li style=\"text-align: left;\">los <a href=\"https:\/\/int.bridge4mobility.com\/wp-content\/uploads\/Anexo-3-IRIS-Standard-Report-EN.pdf\" target=\"_blank\" rel=\"noopener\">est\u00e1ndares IRIS de la Organizaci\u00f3n Internacional para las Migraciones<\/a><\/li>\n<\/ul>\n<\/div>\n<p>Versi\u00f3n\/\u00faltima actualizaci\u00f3n: 12\/2024[\/vc_headings][\/vc_column][\/vc_row]\n","protected":false},"excerpt":{"rendered":"<p>[vc_row][vc_column][vc_headings style=&#8221;theme5&#8243; borderclr=&#8221;#000000&#8243; title=&#8221;Bridge4Mobility valores de la compa\u00f1\u00eda&#8221; use_theme_fonts=&#8221;yes&#8221; titleclr=&#8221;#000000&#8243; icon=&#8221;fa fa-qrcode&#8221;] &nbsp; Visi\u00f3n: B4M aspira a ser el puente para el mercado laboral europeo, a favor del desarrollo de las\u00a0personas y de los negocios. Misi\u00f3n: Apostamos por el talento, evitando que los conocimientos adquiridos caduquen; orientamos a las personas, complementamos su formaci\u00f3n y proporcionamos<\/p>\n","protected":false},"author":1,"featured_media":0,"parent":0,"menu_order":0,"comment_status":"closed","ping_status":"closed","template":"","meta":[],"yoast_head":"<!-- This site is optimized with the Yoast SEO plugin v19.13 - https:\/\/yoast.com\/wordpress\/plugins\/seo\/ -->\n<title>C\u00f3digo Deontol\u00f3gico - Bridge4Mobility [INT]<\/title>\n<meta name=\"robots\" content=\"noindex, follow, max-snippet:-1, max-image-preview:large, max-video-preview:-1\" \/>\n<meta property=\"og:locale\" content=\"es_ES\" \/>\n<meta property=\"og:type\" content=\"article\" \/>\n<meta property=\"og:title\" content=\"C\u00f3digo Deontol\u00f3gico - Bridge4Mobility [INT]\" \/>\n<meta property=\"og:description\" content=\"[vc_row][vc_column][vc_headings style=&#8221;theme5&#8243; borderclr=&#8221;#000000&#8243; title=&#8221;Bridge4Mobility valores de la compa\u00f1\u00eda&#8221; use_theme_fonts=&#8221;yes&#8221; titleclr=&#8221;#000000&#8243; icon=&#8221;fa fa-qrcode&#8221;] &nbsp; Visi\u00f3n: B4M aspira a ser el puente para el mercado laboral europeo, a favor del desarrollo de las\u00a0personas y de los negocios. Misi\u00f3n: Apostamos por el talento, evitando que los conocimientos adquiridos caduquen; orientamos a las personas, complementamos su formaci\u00f3n y proporcionamos\" \/>\n<meta property=\"og:url\" content=\"https:\/\/int.bridge4mobility.com\/es\/codigo-deontologico\/\" \/>\n<meta property=\"og:site_name\" content=\"Bridge4Mobility [INT]\" \/>\n<meta property=\"article:modified_time\" content=\"2025-01-23T19:41:33+00:00\" \/>\n<meta name=\"twitter:label1\" content=\"Tiempo de lectura\" \/>\n\t<meta name=\"twitter:data1\" content=\"2 minutos\" \/>\n<script type=\"application\/ld+json\" class=\"yoast-schema-graph\">{\"@context\":\"https:\/\/schema.org\",\"@graph\":[{\"@type\":\"WebPage\",\"@id\":\"https:\/\/int.bridge4mobility.com\/es\/codigo-deontologico\/\",\"url\":\"https:\/\/int.bridge4mobility.com\/es\/codigo-deontologico\/\",\"name\":\"C\u00f3digo Deontol\u00f3gico - Bridge4Mobility [INT]\",\"isPartOf\":{\"@id\":\"https:\/\/int.bridge4mobility.com\/de\/#website\"},\"datePublished\":\"2021-12-10T18:23:14+00:00\",\"dateModified\":\"2025-01-23T19:41:33+00:00\",\"breadcrumb\":{\"@id\":\"https:\/\/int.bridge4mobility.com\/es\/codigo-deontologico\/#breadcrumb\"},\"inLanguage\":\"es\",\"potentialAction\":[{\"@type\":\"ReadAction\",\"target\":[\"https:\/\/int.bridge4mobility.com\/es\/codigo-deontologico\/\"]}]},{\"@type\":\"BreadcrumbList\",\"@id\":\"https:\/\/int.bridge4mobility.com\/es\/codigo-deontologico\/#breadcrumb\",\"itemListElement\":[{\"@type\":\"ListItem\",\"position\":1,\"name\":\"Home\",\"item\":\"https:\/\/int.bridge4mobility.com\/es\/\"},{\"@type\":\"ListItem\",\"position\":2,\"name\":\"C\u00f3digo Deontol\u00f3gico\"}]},{\"@type\":\"WebSite\",\"@id\":\"https:\/\/int.bridge4mobility.com\/de\/#website\",\"url\":\"https:\/\/int.bridge4mobility.com\/de\/\",\"name\":\"Bridge4Mobility [INT]\",\"description\":\"Qualifizierte Fachkr\u00e4fte aus Spanien\",\"potentialAction\":[{\"@type\":\"SearchAction\",\"target\":{\"@type\":\"EntryPoint\",\"urlTemplate\":\"https:\/\/int.bridge4mobility.com\/de\/?s={search_term_string}\"},\"query-input\":\"required name=search_term_string\"}],\"inLanguage\":\"es\"}]}<\/script>\n<!-- \/ Yoast SEO plugin. -->","yoast_head_json":{"title":"C\u00f3digo Deontol\u00f3gico - Bridge4Mobility [INT]","robots":{"index":"noindex","follow":"follow","max-snippet":"max-snippet:-1","max-image-preview":"max-image-preview:large","max-video-preview":"max-video-preview:-1"},"og_locale":"es_ES","og_type":"article","og_title":"C\u00f3digo Deontol\u00f3gico - Bridge4Mobility [INT]","og_description":"[vc_row][vc_column][vc_headings style=&#8221;theme5&#8243; borderclr=&#8221;#000000&#8243; title=&#8221;Bridge4Mobility valores de la compa\u00f1\u00eda&#8221; use_theme_fonts=&#8221;yes&#8221; titleclr=&#8221;#000000&#8243; icon=&#8221;fa fa-qrcode&#8221;] &nbsp; Visi\u00f3n: B4M aspira a ser el puente para el mercado laboral europeo, a favor del desarrollo de las\u00a0personas y de los negocios. Misi\u00f3n: Apostamos por el talento, evitando que los conocimientos adquiridos caduquen; orientamos a las personas, complementamos su formaci\u00f3n y proporcionamos","og_url":"https:\/\/int.bridge4mobility.com\/es\/codigo-deontologico\/","og_site_name":"Bridge4Mobility [INT]","article_modified_time":"2025-01-23T19:41:33+00:00","twitter_misc":{"Tiempo de lectura":"2 minutos"},"schema":{"@context":"https:\/\/schema.org","@graph":[{"@type":"WebPage","@id":"https:\/\/int.bridge4mobility.com\/es\/codigo-deontologico\/","url":"https:\/\/int.bridge4mobility.com\/es\/codigo-deontologico\/","name":"C\u00f3digo Deontol\u00f3gico - Bridge4Mobility [INT]","isPartOf":{"@id":"https:\/\/int.bridge4mobility.com\/de\/#website"},"datePublished":"2021-12-10T18:23:14+00:00","dateModified":"2025-01-23T19:41:33+00:00","breadcrumb":{"@id":"https:\/\/int.bridge4mobility.com\/es\/codigo-deontologico\/#breadcrumb"},"inLanguage":"es","potentialAction":[{"@type":"ReadAction","target":["https:\/\/int.bridge4mobility.com\/es\/codigo-deontologico\/"]}]},{"@type":"BreadcrumbList","@id":"https:\/\/int.bridge4mobility.com\/es\/codigo-deontologico\/#breadcrumb","itemListElement":[{"@type":"ListItem","position":1,"name":"Home","item":"https:\/\/int.bridge4mobility.com\/es\/"},{"@type":"ListItem","position":2,"name":"C\u00f3digo Deontol\u00f3gico"}]},{"@type":"WebSite","@id":"https:\/\/int.bridge4mobility.com\/de\/#website","url":"https:\/\/int.bridge4mobility.com\/de\/","name":"Bridge4Mobility [INT]","description":"Qualifizierte Fachkr\u00e4fte aus Spanien","potentialAction":[{"@type":"SearchAction","target":{"@type":"EntryPoint","urlTemplate":"https:\/\/int.bridge4mobility.com\/de\/?s={search_term_string}"},"query-input":"required name=search_term_string"}],"inLanguage":"es"}]}},"_links":{"self":[{"href":"https:\/\/int.bridge4mobility.com\/es\/wp-json\/wp\/v2\/pages\/11422"}],"collection":[{"href":"https:\/\/int.bridge4mobility.com\/es\/wp-json\/wp\/v2\/pages"}],"about":[{"href":"https:\/\/int.bridge4mobility.com\/es\/wp-json\/wp\/v2\/types\/page"}],"author":[{"embeddable":true,"href":"https:\/\/int.bridge4mobility.com\/es\/wp-json\/wp\/v2\/users\/1"}],"replies":[{"embeddable":true,"href":"https:\/\/int.bridge4mobility.com\/es\/wp-json\/wp\/v2\/comments?post=11422"}],"version-history":[{"count":7,"href":"https:\/\/int.bridge4mobility.com\/es\/wp-json\/wp\/v2\/pages\/11422\/revisions"}],"predecessor-version":[{"id":12901,"href":"https:\/\/int.bridge4mobility.com\/es\/wp-json\/wp\/v2\/pages\/11422\/revisions\/12901"}],"wp:attachment":[{"href":"https:\/\/int.bridge4mobility.com\/es\/wp-json\/wp\/v2\/media?parent=11422"}],"curies":[{"name":"wp","href":"https:\/\/api.w.org\/{rel}","templated":true}]}}