{"id":11827,"date":"2022-08-29T09:43:42","date_gmt":"2022-08-29T07:43:42","guid":{"rendered":"https:\/\/www.bridge4mobility.com\/?page_id=11827"},"modified":"2022-08-29T09:43:42","modified_gmt":"2022-08-29T07:43:42","slug":"contratacion-justa-enfermeria","status":"publish","type":"page","link":"https:\/\/int.bridge4mobility.com\/es\/contratacion-justa-enfermeria\/","title":{"rendered":"Contrataci\u00f3n justa &#8211; Enfermer\u00eda"},"content":{"rendered":"[vc_row][vc_column][vc_empty_space][vc_column_text]\n<p style=\"font-size: 37px; line-height: 40px; text-align: left;\"><span style=\"font-size: 24pt;\"><strong>B4M obtiene el sello de calidad alem\u00e1n de reclutamiento justo de personal sanitario<\/strong><\/span><\/p>\n[\/vc_column_text][\/vc_column][\/vc_row][vc_row][vc_column][vc_column_text]\n<p style=\"font-size: 16px; line-height: 22px;\">El <strong>sello de calidad oficial alem\u00e1n de reclutamiento justo de personal sanitario<\/strong> ha sido otorgado a Bridge4Mobility, tras varios meses de comprobaciones y an\u00e1lisis de nuestros procesos internos, nuestra cartera de servicios, nuestra atenci\u00f3n a candidatos y empresas, nuestros contratos con todas las partes implicadas, as\u00ed como nuestra comunicaci\u00f3n externa tanto en Colombia como en Alemania.<\/p>\n[\/vc_column_text][vc_column_text]\n<p style=\"font-size: 16px; line-height: 22px;\">Cumplimos por tanto con todas y cada una de las exigencias en materia de <strong>transparencia, \u00e9tica profesional y condiciones justas para el personal sanitario que participa en nuestros proyectos de movilidad<\/strong>. En 2020 ya nos sumamos a la iniciativa para crear est\u00e1ndares de \u00e9tica y calidad en el \u00e1mbito de la movilidad laboral de profesionales de la salud, mediante un acuerdo previo con la DEFA \u2013 la agencia oficial para personal sanitario creada por el gobierno alem\u00e1n.<\/p>\n[\/vc_column_text][vc_single_image image=&#8221;11826&#8243; img_size=&#8221;large&#8221; alignment=&#8221;center&#8221;][\/vc_column][\/vc_row][vc_row][vc_column][vc_empty_space][vc_column_text]\n<h1 style=\"text-align: left;\"><span style=\"color: #000000;\"><strong>Informaci\u00f3n sobre la migraci\u00f3n laboral al sector de la enfermer\u00eda en Alemania<\/strong><\/span><\/h1>\n<p style=\"font-size: 16px; line-height: 22px;\">Amplia informaci\u00f3n redactada por el KDA para los\/las t\u00e9cnicos\/as de enfermer\u00eda internacionales como base para vivir en Alemania y trabajar en el sector de la enfermer\u00eda.<\/p>\n[\/vc_column_text][vc_btn title=&#8221;BAJAR PDF&#8221; color=&#8221;green&#8221; size=&#8221;lg&#8221; align=&#8221;center&#8221; i_align=&#8221;right&#8221; i_icon_fontawesome=&#8221;fa fa-cloud-download&#8221; css_animation=&#8221;bounceInDown&#8221; add_icon=&#8221;true&#8221; link=&#8221;url:%2Fwp-content%2Fuploads%2FKDA-contrataci%25C3%25B3n-justa-ES.pdf||target:%20_blank|rel:nofollow&#8221;][\/vc_column][\/vc_row][vc_row][vc_column][vc_raw_js]JTNDc2NyaXB0JTIwdHlwZSUzRCUyMnRleHQlMkZqYXZhc2NyaXB0JTIyJTNFJTIwJTBBalF1ZXJ5JTI4ZG9jdW1lbnQlMjkucmVhZHklMjhmdW5jdGlvbiUyOCUyNCUyOSU3QiUwQSUwQSUyMCUyMCUyMCUyMCUyMCUyNCUyOCUyMmltZyUyMiUyOS5vbiUyOCUyMmNvbnRleHRtZW51JTIyJTJDZnVuY3Rpb24lMjglMjklN0IlMEElMjAlMjAlMjAlMjAlMjAlMjAlMjAlMjByZXR1cm4lMjBmYWxzZSUzQiUwQSUyMCUyMCUyMCUyMCUyMCU3RCUyOSUzQiUyMCUwQSUwQSU3RCUyOSUzQiUwQSUzQyUyRnNjcmlwdCUzRSUwQSUwQSUwQQ==[\/vc_raw_js][\/vc_column][\/vc_row]\n","protected":false},"excerpt":{"rendered":"<p>[vc_row][vc_column][vc_empty_space][vc_column_text] B4M obtiene el sello de calidad alem\u00e1n de reclutamiento justo de personal sanitario [\/vc_column_text][\/vc_column][\/vc_row][vc_row][vc_column][vc_column_text] El sello de calidad oficial alem\u00e1n de reclutamiento justo de personal sanitario ha sido otorgado a Bridge4Mobility, tras varios meses de comprobaciones y an\u00e1lisis de nuestros procesos internos, nuestra cartera de servicios, nuestra atenci\u00f3n a candidatos y empresas, nuestros contratos<\/p>\n","protected":false},"author":1612,"featured_media":0,"parent":0,"menu_order":0,"comment_status":"closed","ping_status":"closed","template":"","meta":[],"yoast_head":"<!-- This site is optimized with the Yoast SEO plugin v19.13 - https:\/\/yoast.com\/wordpress\/plugins\/seo\/ -->\n<title>Contrataci\u00f3n justa - Enfermer\u00eda - Bridge4Mobility [INT]<\/title>\n<meta name=\"robots\" content=\"noindex, follow, max-snippet:-1, max-image-preview:large, max-video-preview:-1\" \/>\n<meta property=\"og:locale\" content=\"es_ES\" \/>\n<meta property=\"og:type\" content=\"article\" \/>\n<meta property=\"og:title\" content=\"Contrataci\u00f3n justa - Enfermer\u00eda - Bridge4Mobility [INT]\" \/>\n<meta property=\"og:description\" content=\"[vc_row][vc_column][vc_empty_space][vc_column_text] B4M obtiene el sello de calidad alem\u00e1n de reclutamiento justo de personal sanitario [\/vc_column_text][\/vc_column][\/vc_row][vc_row][vc_column][vc_column_text] El sello de calidad oficial alem\u00e1n de reclutamiento justo de personal sanitario ha sido otorgado a Bridge4Mobility, tras varios meses de comprobaciones y an\u00e1lisis de nuestros procesos internos, nuestra cartera de servicios, nuestra atenci\u00f3n a candidatos y empresas, nuestros contratos\" \/>\n<meta property=\"og:url\" content=\"https:\/\/int.bridge4mobility.com\/es\/contratacion-justa-enfermeria\/\" \/>\n<meta property=\"og:site_name\" content=\"Bridge4Mobility [INT]\" \/>\n<meta name=\"twitter:label1\" content=\"Tiempo de lectura\" \/>\n\t<meta name=\"twitter:data1\" content=\"2 minutos\" \/>\n<script type=\"application\/ld+json\" class=\"yoast-schema-graph\">{\"@context\":\"https:\/\/schema.org\",\"@graph\":[{\"@type\":\"WebPage\",\"@id\":\"https:\/\/int.bridge4mobility.com\/es\/contratacion-justa-enfermeria\/\",\"url\":\"https:\/\/int.bridge4mobility.com\/es\/contratacion-justa-enfermeria\/\",\"name\":\"Contrataci\u00f3n justa - Enfermer\u00eda - Bridge4Mobility [INT]\",\"isPartOf\":{\"@id\":\"https:\/\/int.bridge4mobility.com\/de\/#website\"},\"datePublished\":\"2022-08-29T07:43:42+00:00\",\"dateModified\":\"2022-08-29T07:43:42+00:00\",\"breadcrumb\":{\"@id\":\"https:\/\/int.bridge4mobility.com\/es\/contratacion-justa-enfermeria\/#breadcrumb\"},\"inLanguage\":\"es\",\"potentialAction\":[{\"@type\":\"ReadAction\",\"target\":[\"https:\/\/int.bridge4mobility.com\/es\/contratacion-justa-enfermeria\/\"]}]},{\"@type\":\"BreadcrumbList\",\"@id\":\"https:\/\/int.bridge4mobility.com\/es\/contratacion-justa-enfermeria\/#breadcrumb\",\"itemListElement\":[{\"@type\":\"ListItem\",\"position\":1,\"name\":\"Home\",\"item\":\"https:\/\/int.bridge4mobility.com\/es\/\"},{\"@type\":\"ListItem\",\"position\":2,\"name\":\"Contrataci\u00f3n justa &#8211; Enfermer\u00eda\"}]},{\"@type\":\"WebSite\",\"@id\":\"https:\/\/int.bridge4mobility.com\/de\/#website\",\"url\":\"https:\/\/int.bridge4mobility.com\/de\/\",\"name\":\"Bridge4Mobility [INT]\",\"description\":\"Qualifizierte Fachkr\u00e4fte aus Spanien\",\"potentialAction\":[{\"@type\":\"SearchAction\",\"target\":{\"@type\":\"EntryPoint\",\"urlTemplate\":\"https:\/\/int.bridge4mobility.com\/de\/?s={search_term_string}\"},\"query-input\":\"required name=search_term_string\"}],\"inLanguage\":\"es\"}]}<\/script>\n<!-- \/ Yoast SEO plugin. -->","yoast_head_json":{"title":"Contrataci\u00f3n justa - Enfermer\u00eda - Bridge4Mobility [INT]","robots":{"index":"noindex","follow":"follow","max-snippet":"max-snippet:-1","max-image-preview":"max-image-preview:large","max-video-preview":"max-video-preview:-1"},"og_locale":"es_ES","og_type":"article","og_title":"Contrataci\u00f3n justa - Enfermer\u00eda - Bridge4Mobility [INT]","og_description":"[vc_row][vc_column][vc_empty_space][vc_column_text] B4M obtiene el sello de calidad alem\u00e1n de reclutamiento justo de personal sanitario [\/vc_column_text][\/vc_column][\/vc_row][vc_row][vc_column][vc_column_text] El sello de calidad oficial alem\u00e1n de reclutamiento justo de personal sanitario ha sido otorgado a Bridge4Mobility, tras varios meses de comprobaciones y an\u00e1lisis de nuestros procesos internos, nuestra cartera de servicios, nuestra atenci\u00f3n a candidatos y empresas, nuestros contratos","og_url":"https:\/\/int.bridge4mobility.com\/es\/contratacion-justa-enfermeria\/","og_site_name":"Bridge4Mobility [INT]","twitter_misc":{"Tiempo de lectura":"2 minutos"},"schema":{"@context":"https:\/\/schema.org","@graph":[{"@type":"WebPage","@id":"https:\/\/int.bridge4mobility.com\/es\/contratacion-justa-enfermeria\/","url":"https:\/\/int.bridge4mobility.com\/es\/contratacion-justa-enfermeria\/","name":"Contrataci\u00f3n justa - Enfermer\u00eda - Bridge4Mobility [INT]","isPartOf":{"@id":"https:\/\/int.bridge4mobility.com\/de\/#website"},"datePublished":"2022-08-29T07:43:42+00:00","dateModified":"2022-08-29T07:43:42+00:00","breadcrumb":{"@id":"https:\/\/int.bridge4mobility.com\/es\/contratacion-justa-enfermeria\/#breadcrumb"},"inLanguage":"es","potentialAction":[{"@type":"ReadAction","target":["https:\/\/int.bridge4mobility.com\/es\/contratacion-justa-enfermeria\/"]}]},{"@type":"BreadcrumbList","@id":"https:\/\/int.bridge4mobility.com\/es\/contratacion-justa-enfermeria\/#breadcrumb","itemListElement":[{"@type":"ListItem","position":1,"name":"Home","item":"https:\/\/int.bridge4mobility.com\/es\/"},{"@type":"ListItem","position":2,"name":"Contrataci\u00f3n justa &#8211; Enfermer\u00eda"}]},{"@type":"WebSite","@id":"https:\/\/int.bridge4mobility.com\/de\/#website","url":"https:\/\/int.bridge4mobility.com\/de\/","name":"Bridge4Mobility [INT]","description":"Qualifizierte Fachkr\u00e4fte aus Spanien","potentialAction":[{"@type":"SearchAction","target":{"@type":"EntryPoint","urlTemplate":"https:\/\/int.bridge4mobility.com\/de\/?s={search_term_string}"},"query-input":"required name=search_term_string"}],"inLanguage":"es"}]}},"_links":{"self":[{"href":"https:\/\/int.bridge4mobility.com\/es\/wp-json\/wp\/v2\/pages\/11827"}],"collection":[{"href":"https:\/\/int.bridge4mobility.com\/es\/wp-json\/wp\/v2\/pages"}],"about":[{"href":"https:\/\/int.bridge4mobility.com\/es\/wp-json\/wp\/v2\/types\/page"}],"author":[{"embeddable":true,"href":"https:\/\/int.bridge4mobility.com\/es\/wp-json\/wp\/v2\/users\/1612"}],"replies":[{"embeddable":true,"href":"https:\/\/int.bridge4mobility.com\/es\/wp-json\/wp\/v2\/comments?post=11827"}],"version-history":[{"count":2,"href":"https:\/\/int.bridge4mobility.com\/es\/wp-json\/wp\/v2\/pages\/11827\/revisions"}],"predecessor-version":[{"id":11829,"href":"https:\/\/int.bridge4mobility.com\/es\/wp-json\/wp\/v2\/pages\/11827\/revisions\/11829"}],"wp:attachment":[{"href":"https:\/\/int.bridge4mobility.com\/es\/wp-json\/wp\/v2\/media?parent=11827"}],"curies":[{"name":"wp","href":"https:\/\/api.w.org\/{rel}","templated":true}]}}