{"id":5321,"date":"2017-07-04T09:58:08","date_gmt":"2017-07-04T08:58:08","guid":{"rendered":"https:\/\/www.bridge4mobility.com\/?page_id=5321"},"modified":"2022-03-02T11:43:44","modified_gmt":"2022-03-02T10:43:44","slug":"politica-de-privacidad","status":"publish","type":"page","link":"https:\/\/int.bridge4mobility.com\/es\/politica-de-privacidad\/","title":{"rendered":"Pol\u00edtica de Privacidad"},"content":{"rendered":"[vc_row el_class=&#8221;email_section&#8221;][vc_column css=&#8221;.vc_custom_1520772336983{margin-bottom: -25px !important;}&#8221;][vc_column_text css=&#8221;.vc_custom_1646217795321{border-top-width: 2px !important;border-right-width: 2px !important;border-bottom-width: 2px !important;border-left-width: 2px !important;padding-top: 5px !important;padding-right: 7px !important;padding-bottom: 5px !important;padding-left: 7px !important;border-left-color: #a5c34d !important;border-left-style: solid !important;border-right-color: #a5c34d !important;border-right-style: solid !important;border-top-color: #a5c34d !important;border-top-style: solid !important;border-bottom-color: #a5c34d !important;border-bottom-style: solid !important;}&#8221;]\n<h2 style=\"text-align: justify;\"><strong><span style=\"text-decoration: underline;\">Correos electr\u00f3nicos<\/span><\/strong><\/h2>\n<p style=\"text-align: justify;\"><strong>AVISO LEGAL<\/strong>:<br \/>\nEste mensaje y sus archivos adjuntos van dirigidos exclusivamente a su destinatario, pudiendo contener\u00a0informaci\u00f3n confidencial sometida a secreto profesional. No est\u00e1 permitida su comunicaci\u00f3n, reproducci\u00f3n o distribuci\u00f3n\u00a0sin la autorizaci\u00f3n expresa de BRIDGE4MOBILITY, S.L.. Si usted no es el destinatario final, por favor elim\u00ednelo e\u00a0inf\u00f3rmenos por esta v\u00eda.<\/p>\n<p style=\"text-align: justify;\"><strong>PROTECCI\u00d3N DE DATOS<\/strong>:<br \/>\nDe conformidad con lo dispuesto en las normativas vigentes en protecci\u00f3n de datos\u00a0personales, el Reglamento (UE) 2016\/679 de 27 de abril de 2016 (GDPR), le informamos que los datos personales y\u00a0direcci\u00f3n de correo electr\u00f3nico, recabados del propio interesado o de fuentes p\u00fablicas, ser\u00e1n tratados bajo la\u00a0responsabilidad de BRIDGE4MOBILITY, S.L. para el env\u00edo de comunicaciones sobre nuestros productos y servicios y\u00a0se conservar\u00e1n mientras exista un inter\u00e9s mutuo para ello. Los datos no ser\u00e1n comunicados a terceros, salvo obligaci\u00f3n\u00a0legal. Le informamos que puede ejercer los derechos de acceso, rectificaci\u00f3n, portabilidad y supresi\u00f3n de sus datos y los\u00a0de limitaci\u00f3n y oposici\u00f3n a su tratamiento dirigi\u00e9ndose a CARRER JAUME BALMES 37, 3\u00aa, 08301 MATAR\u00d3\u00a0(Barcelona) o enviando un mensaje al correo electr\u00f3nico a <strong><a href=\"mailto:info@bridge4mobility.com\">info@bridge4mobility.com<\/a><\/strong>. Si considera que el\u00a0tratamiento no se ajusta a la normativa vigente, podr\u00e1 presentar una reclamaci\u00f3n ante la autoridad de control\u00a0en <a href=\"http:\/\/www.aepd.es\" target=\"_blank\" rel=\"noopener\">www.aepd.es<\/a><\/p>\n[\/vc_column_text][\/vc_column][\/vc_row][vc_row][vc_column][vc_raw_html]JTNDc3R5bGUlMjB0eXBlJTNEJTIydGV4dCUyRmNzcyUyMiUzRSUwQS5lbWFpbF9zZWN0aW9uJTIwJTdCZGlzcGxheSUzQW5vbmUlM0IlN0QlMEElM0MlMkZzdHlsZSUzRQ==[\/vc_raw_html][vc_raw_js]JTNDc2NyaXB0JTIwdHlwZSUzRCUyMnRleHQlMkZqYXZhc2NyaXB0JTIyJTNFJTBBalF1ZXJ5JTI4ZG9jdW1lbnQlMjkucmVhZHklMjhmdW5jdGlvbiUyOCUyNCUyOSU3QiUwQXZhciUyMHVybF9zdHJpbmclMjAlM0QlMjB3aW5kb3cubG9jYXRpb24uaHJlZiUzQiUwQXZhciUyMHVybCUyMCUzRCUyMG5ldyUyMFVSTCUyOHVybF9zdHJpbmclMjklM0IlMEF2YXIlMjBwJTIwJTNEJTIwdXJsLnNlYXJjaFBhcmFtcy5nZXQlMjglMjJzZWN0aW9uJTIyJTI5JTNCJTBBaWYlMjglMjBwJTIwJTNEJTNEJTIwJTIyZW1haWwlMjIlMjAlMjklN0IlMEElMjQlMjglMjcuZW1haWxfc2VjdGlvbiUyNyUyOS5zaG93JTI4JTI5JTNCJTBBJTdEJTBBJTdEJTI5JTNCJTBBJTNDJTJGc2NyaXB0JTNF[\/vc_raw_js][vc_column_text]\n<h2 style=\"text-align: justify;\">1. <strong>INFORMACI\u00d3N AL USUARIO<\/strong><\/h2>\n<p style=\"text-align: justify;\">BRIDGE4MOBILITY, S.L., en adelante RESPONSABLE, es el Responsable del tratamiento de los\u00a0datos personales del Usuario y le informa que estos datos ser\u00e1n tratados de conformidad con lo\u00a0dispuesto en las normativas vigentes en protecci\u00f3n de datos personales, el Reglamento (UE) 2016\/679\u00a0de 27 de abril de 2016 (GDPR) relativo a la protecci\u00f3n de las personas f\u00edsicas en lo que respecta al\u00a0tratamiento de datos personales y a la libre circulaci\u00f3n de estos datos, por lo que se le facilita\u00a0la siguiente informaci\u00f3n del tratamiento:<\/p>\n<p style=\"text-align: justify;\"><strong>Fin del tratamiento<\/strong>: mantener una relaci\u00f3n comercial con el Usuario.<br \/>\nLas operaciones previstas para\u00a0realizar el tratamiento son:<\/p>\n<ul style=\"text-align: justify;\">\n<li>Remisi\u00f3n de comunicaciones comerciales publicitarias por email, fax, SMS, MMS,\u00a0comunidades sociales o cualquier otro medio electr\u00f3nico o f\u00edsico, presente o futuro, que\u00a0posibilite realizar comunicaciones comerciales, siempre y cuando haya sido\u00a0autorizadas previamente. Estas comunicaciones ser\u00e1n realizadas por el RESPONSABLE y\u00a0relacionadas sobre sus productos y servicios, o de sus colaboradores o proveedores con los que\u00a0\u00e9ste haya alcanzado alg\u00fan acuerdo de promoci\u00f3n. En este caso, los terceros nunca tendr\u00e1n\u00a0acceso a los datos personales.<\/li>\n<li>Realizar estudios estad\u00edsticos.<\/li>\n<li>Tramitar encargos, solicitudes o cualquier tipo de petici\u00f3n que sea realizada por el usuario a\u00a0trav\u00e9s de cualquiera de las formas de contacto que se ponen a su disposici\u00f3n.\u00a0Remitir el bolet\u00edn de noticias de la p\u00e1gina web.<\/li>\n<\/ul>\n<p>&nbsp;<\/p>\n<p style=\"text-align: justify;\"><strong>Criterios de conservaci\u00f3n de los datos<\/strong>: se conservar\u00e1n mientras exista un inter\u00e9s mutuo para\u00a0mantener el fin del tratamiento y cuando ya no sea necesario para tal fin, se suprimir\u00e1n con medidas\u00a0de seguridad adecuadas para garantizar la seudonimizaci\u00f3n de los datos o la destrucci\u00f3n total de los\u00a0mismos.<\/p>\n<p style=\"text-align: justify;\"><strong>Comunicaci\u00f3n de los datos<\/strong>: No se comunicar\u00e1n los datos a terceros, salvo obligaci\u00f3n legal.<\/p>\n<p style=\"text-align: justify;\"><strong>Derechos que asisten al Usuario<\/strong>:<\/p>\n<ul style=\"text-align: justify;\">\n<li>Derecho a retirar el consentimiento en cualquier momento.<\/li>\n<li>Derecho de acceso, rectificaci\u00f3n, portabilidad y supresi\u00f3n de sus datos y a la limitaci\u00f3n u\u00a0oposici\u00f3n al su tratamiento.<\/li>\n<li>Derecho a presentar una reclamaci\u00f3n ante la autoridad de control (<a href=\"http:\/\/www.aepd.es\" target=\"_blank\" rel=\"noopener\">www.aepd.es<\/a>)\u00a0si considera que el tratamiento no se ajusta a la normativa vigente.<\/li>\n<\/ul>\n<p>&nbsp;<\/p>\n<p style=\"text-align: justify;\"><strong>Datos de contacto para ejercer sus derechos<\/strong>:<br \/>\nBRIDGE4MOBILITY, S.L.<br \/>\nDirecci\u00f3n postal: CARRER JAUME BALMES 37, 3\u00aa, 08301 MATAR\u00d3 (Barcelona)<br \/>\nCorreo electr\u00f3nico: <a href=\"mailto:INFO@BRIDGE4MOBILITY.COM\">INFO@BRIDGE4MOBILITY.COM<\/a><\/p>\n[\/vc_column_text][vc_column_text]\n<h2 style=\"text-align: justify;\">2. <strong>CAR\u00c1CTER OBLIGATORIO O FACULTATIVO DE LA INFORMACI\u00d3N FACILITADA POR EL\u00a0USUARIO<\/strong><\/h2>\n<p style=\"text-align: justify;\">Los Usuarios, mediante la marcaci\u00f3n de las casillas correspondientes y entrada de datos en los\u00a0campos, marcados con un asterisco (*) en el formulario de contacto o presentados en formularios de\u00a0descarga, aceptan expresamente y de forma libre e inequ\u00edvoca, que sus datos son necesarios para\u00a0atender su petici\u00f3n, por parte del prestador, siendo voluntaria la inclusi\u00f3n de datos en los campos\u00a0restantes. El Usuario garantiza que los datos personales facilitados al RESPONSABLE son veraces y\u00a0se hace responsable de comunicar cualquier modificaci\u00f3n de los mismos.\u00a0El RESPONSABLE informa y garantiza expresamente a los usuarios que sus datos personales no\u00a0ser\u00e1n cedidos en ning\u00fan caso a terceros, y que siempre que realizara alg\u00fan tipo de cesi\u00f3n de datos\u00a0personales, se pedir\u00e1 previamente el consentimiento expreso, informado e inequ\u00edvoco por parte los\u00a0Usuarios. Todos los datos solicitados a trav\u00e9s del sitio web son obligatorios, ya que son necesarios\u00a0para la prestaci\u00f3n de un servicio \u00f3ptimo al Usuario. En caso de que no sean facilitados todos los datos,\u00a0no se garantiza que la informaci\u00f3n y servicios facilitados sean\u00a0 ompletamente ajustados a sus\u00a0necesidades.<\/p>\n[\/vc_column_text][vc_column_text]\n<h2 style=\"text-align: justify;\">3. <strong>MEDIDAS DE SEGURIDAD<\/strong><\/h2>\n<p style=\"text-align: justify;\">Que de conformidad con lo dispuesto en las normativas vigentes en protecci\u00f3n de datos personales, el\u00a0RESPONSABLE est\u00e1 cumpliendo con todas las disposiciones de las normativas GDPR para el\u00a0tratamiento de los datos personales de su responsabilidad, y manifiestamente con los principios\u00a0descritos en el art\u00edculo 5 del GDPR, por los cuales son tratados de manera l\u00edcita, leal y transparente en\u00a0relaci\u00f3n con el interesado y adecuados, pertinentes y limitados a lo necesario en relaci\u00f3n con los fines\u00a0para los que son tratados.<\/p>\n<p style=\"text-align: justify;\">El RESPONSABLE garantiza que ha\u00a0 mplementado pol\u00edticas t\u00e9cnicas y organizativas apropiadas para\u00a0aplicar las medidas de seguridad que establecen el GDPR con el fin de proteger los derechos y\u00a0libertades de los Usuarios y les ha comunicado la informaci\u00f3n adecuada para que puedan ejercerlos.<\/p>\n[\/vc_column_text][\/vc_column][\/vc_row]\n","protected":false},"excerpt":{"rendered":"<p>[vc_row el_class=&#8221;email_section&#8221;][vc_column css=&#8221;.vc_custom_1520772336983{margin-bottom: -25px !important;}&#8221;][vc_column_text css=&#8221;.vc_custom_1646217795321{border-top-width: 2px !important;border-right-width: 2px !important;border-bottom-width: 2px !important;border-left-width: 2px !important;padding-top: 5px !important;padding-right: 7px !important;padding-bottom: 5px !important;padding-left: 7px !important;border-left-color: #a5c34d !important;border-left-style: solid !important;border-right-color: #a5c34d !important;border-right-style: solid !important;border-top-color: #a5c34d !important;border-top-style: solid !important;border-bottom-color: #a5c34d !important;border-bottom-style: solid !important;}&#8221;] Correos electr\u00f3nicos AVISO LEGAL: Este mensaje y sus archivos adjuntos van dirigidos exclusivamente a su destinatario, pudiendo<\/p>\n","protected":false},"author":1,"featured_media":0,"parent":0,"menu_order":0,"comment_status":"closed","ping_status":"closed","template":"","meta":[],"yoast_head":"<!-- This site is optimized with the Yoast SEO plugin v19.13 - https:\/\/yoast.com\/wordpress\/plugins\/seo\/ -->\n<title>Pol\u00edtica de Privacidad - Bridge4Mobility [INT]<\/title>\n<meta name=\"robots\" content=\"noindex, nofollow\" \/>\n<meta property=\"og:locale\" content=\"es_ES\" \/>\n<meta property=\"og:type\" content=\"article\" \/>\n<meta property=\"og:title\" content=\"Pol\u00edtica de Privacidad - Bridge4Mobility [INT]\" \/>\n<meta property=\"og:description\" content=\"[vc_row el_class=&#8221;email_section&#8221;][vc_column css=&#8221;.vc_custom_1520772336983{margin-bottom: -25px !important;}&#8221;][vc_column_text css=&#8221;.vc_custom_1646217795321{border-top-width: 2px !important;border-right-width: 2px !important;border-bottom-width: 2px !important;border-left-width: 2px !important;padding-top: 5px !important;padding-right: 7px !important;padding-bottom: 5px !important;padding-left: 7px !important;border-left-color: #a5c34d !important;border-left-style: solid !important;border-right-color: #a5c34d !important;border-right-style: solid !important;border-top-color: #a5c34d !important;border-top-style: solid !important;border-bottom-color: #a5c34d !important;border-bottom-style: solid !important;}&#8221;] Correos electr\u00f3nicos AVISO LEGAL: Este mensaje y sus archivos adjuntos van dirigidos exclusivamente a su destinatario, pudiendo\" \/>\n<meta property=\"og:url\" content=\"https:\/\/int.bridge4mobility.com\/es\/politica-de-privacidad\/\" \/>\n<meta property=\"og:site_name\" content=\"Bridge4Mobility [INT]\" \/>\n<meta property=\"article:modified_time\" content=\"2022-03-02T10:43:44+00:00\" \/>\n<meta name=\"twitter:label1\" content=\"Tiempo de lectura\" \/>\n\t<meta name=\"twitter:data1\" content=\"6 minutos\" \/>\n<script type=\"application\/ld+json\" class=\"yoast-schema-graph\">{\"@context\":\"https:\/\/schema.org\",\"@graph\":[{\"@type\":\"WebPage\",\"@id\":\"https:\/\/int.bridge4mobility.com\/es\/politica-de-privacidad\/\",\"url\":\"https:\/\/int.bridge4mobility.com\/es\/politica-de-privacidad\/\",\"name\":\"Pol\u00edtica de Privacidad - Bridge4Mobility [INT]\",\"isPartOf\":{\"@id\":\"https:\/\/int.bridge4mobility.com\/de\/#website\"},\"datePublished\":\"2017-07-04T08:58:08+00:00\",\"dateModified\":\"2022-03-02T10:43:44+00:00\",\"breadcrumb\":{\"@id\":\"https:\/\/int.bridge4mobility.com\/es\/politica-de-privacidad\/#breadcrumb\"},\"inLanguage\":\"es\",\"potentialAction\":[{\"@type\":\"ReadAction\",\"target\":[\"https:\/\/int.bridge4mobility.com\/es\/politica-de-privacidad\/\"]}]},{\"@type\":\"BreadcrumbList\",\"@id\":\"https:\/\/int.bridge4mobility.com\/es\/politica-de-privacidad\/#breadcrumb\",\"itemListElement\":[{\"@type\":\"ListItem\",\"position\":1,\"name\":\"Home\",\"item\":\"https:\/\/int.bridge4mobility.com\/es\/\"},{\"@type\":\"ListItem\",\"position\":2,\"name\":\"Pol\u00edtica de Privacidad\"}]},{\"@type\":\"WebSite\",\"@id\":\"https:\/\/int.bridge4mobility.com\/de\/#website\",\"url\":\"https:\/\/int.bridge4mobility.com\/de\/\",\"name\":\"Bridge4Mobility [INT]\",\"description\":\"Qualifizierte Fachkr\u00e4fte aus Spanien\",\"potentialAction\":[{\"@type\":\"SearchAction\",\"target\":{\"@type\":\"EntryPoint\",\"urlTemplate\":\"https:\/\/int.bridge4mobility.com\/de\/?s={search_term_string}\"},\"query-input\":\"required name=search_term_string\"}],\"inLanguage\":\"es\"}]}<\/script>\n<!-- \/ Yoast SEO plugin. -->","yoast_head_json":{"title":"Pol\u00edtica de Privacidad - Bridge4Mobility [INT]","robots":{"index":"noindex","follow":"nofollow"},"og_locale":"es_ES","og_type":"article","og_title":"Pol\u00edtica de Privacidad - Bridge4Mobility [INT]","og_description":"[vc_row el_class=&#8221;email_section&#8221;][vc_column css=&#8221;.vc_custom_1520772336983{margin-bottom: -25px !important;}&#8221;][vc_column_text css=&#8221;.vc_custom_1646217795321{border-top-width: 2px !important;border-right-width: 2px !important;border-bottom-width: 2px !important;border-left-width: 2px !important;padding-top: 5px !important;padding-right: 7px !important;padding-bottom: 5px !important;padding-left: 7px !important;border-left-color: #a5c34d !important;border-left-style: solid !important;border-right-color: #a5c34d !important;border-right-style: solid !important;border-top-color: #a5c34d !important;border-top-style: solid !important;border-bottom-color: #a5c34d !important;border-bottom-style: solid !important;}&#8221;] Correos electr\u00f3nicos AVISO LEGAL: Este mensaje y sus archivos adjuntos van dirigidos exclusivamente a su destinatario, pudiendo","og_url":"https:\/\/int.bridge4mobility.com\/es\/politica-de-privacidad\/","og_site_name":"Bridge4Mobility [INT]","article_modified_time":"2022-03-02T10:43:44+00:00","twitter_misc":{"Tiempo de lectura":"6 minutos"},"schema":{"@context":"https:\/\/schema.org","@graph":[{"@type":"WebPage","@id":"https:\/\/int.bridge4mobility.com\/es\/politica-de-privacidad\/","url":"https:\/\/int.bridge4mobility.com\/es\/politica-de-privacidad\/","name":"Pol\u00edtica de Privacidad - Bridge4Mobility [INT]","isPartOf":{"@id":"https:\/\/int.bridge4mobility.com\/de\/#website"},"datePublished":"2017-07-04T08:58:08+00:00","dateModified":"2022-03-02T10:43:44+00:00","breadcrumb":{"@id":"https:\/\/int.bridge4mobility.com\/es\/politica-de-privacidad\/#breadcrumb"},"inLanguage":"es","potentialAction":[{"@type":"ReadAction","target":["https:\/\/int.bridge4mobility.com\/es\/politica-de-privacidad\/"]}]},{"@type":"BreadcrumbList","@id":"https:\/\/int.bridge4mobility.com\/es\/politica-de-privacidad\/#breadcrumb","itemListElement":[{"@type":"ListItem","position":1,"name":"Home","item":"https:\/\/int.bridge4mobility.com\/es\/"},{"@type":"ListItem","position":2,"name":"Pol\u00edtica de Privacidad"}]},{"@type":"WebSite","@id":"https:\/\/int.bridge4mobility.com\/de\/#website","url":"https:\/\/int.bridge4mobility.com\/de\/","name":"Bridge4Mobility [INT]","description":"Qualifizierte Fachkr\u00e4fte aus Spanien","potentialAction":[{"@type":"SearchAction","target":{"@type":"EntryPoint","urlTemplate":"https:\/\/int.bridge4mobility.com\/de\/?s={search_term_string}"},"query-input":"required name=search_term_string"}],"inLanguage":"es"}]}},"_links":{"self":[{"href":"https:\/\/int.bridge4mobility.com\/es\/wp-json\/wp\/v2\/pages\/5321"}],"collection":[{"href":"https:\/\/int.bridge4mobility.com\/es\/wp-json\/wp\/v2\/pages"}],"about":[{"href":"https:\/\/int.bridge4mobility.com\/es\/wp-json\/wp\/v2\/types\/page"}],"author":[{"embeddable":true,"href":"https:\/\/int.bridge4mobility.com\/es\/wp-json\/wp\/v2\/users\/1"}],"replies":[{"embeddable":true,"href":"https:\/\/int.bridge4mobility.com\/es\/wp-json\/wp\/v2\/comments?post=5321"}],"version-history":[{"count":2,"href":"https:\/\/int.bridge4mobility.com\/es\/wp-json\/wp\/v2\/pages\/5321\/revisions"}],"predecessor-version":[{"id":11596,"href":"https:\/\/int.bridge4mobility.com\/es\/wp-json\/wp\/v2\/pages\/5321\/revisions\/11596"}],"wp:attachment":[{"href":"https:\/\/int.bridge4mobility.com\/es\/wp-json\/wp\/v2\/media?parent=5321"}],"curies":[{"name":"wp","href":"https:\/\/api.w.org\/{rel}","templated":true}]}}